{"id":1411,"date":"2016-07-20T13:52:07","date_gmt":"2016-07-20T11:52:07","guid":{"rendered":"http:\/\/dev.conovum.com\/?page_id=1411"},"modified":"2017-02-08T15:42:04","modified_gmt":"2017-02-08T14:42:04","slug":"hive-search-2","status":"publish","type":"page","link":"https:\/\/conovum.de\/en\/hive-search-2\/","title":{"rendered":"HIVE Search"},"content":{"rendered":"<div class=\"wpb-content-wrapper\">[vc_row full_width=&#8221;stretch_row_content&#8221; full_height=&#8221;yes&#8221; content_placement=&#8221;middle&#8221; bg_type=&#8221;image&#8221; parallax_style=&#8221;vcpb-default&#8221; bg_image_new=&#8221;id^2754|url^http:\/\/test2.conovum.com\/wp-content\/uploads\/Hive-Search-Header.jpg|caption^null|alt^null|title^Hive Search Header|description^null&#8221; css=&#8221;.vc_custom_1472562638185{margin-top: -52px !important;}&#8221;][vc_column][vc_row_inner css=&#8221;.vc_custom_1470738844716{background-color: rgba(255,255,255,0.66) !important;*background-color: rgb(255,255,255) !important;}&#8221;][vc_column_inner][vc_column_text]\n<h1 style=\"text-align: center;\"><strong><span style=\"color: #ffffff; font-size: 18pt;\"><span style=\"color: #ffffff; font-size: 24pt;\"><span class=\"color-value color-value-hex\"><span data-field=\"hex\" data-prefix=\"#\" data-editable=\"true\"><span style=\"color: #26a232;\"><span style=\"color: #595959;\">The Search Engine for Your SAP System: <\/span>HIVE SEARCH<\/span><\/span><\/span><\/span><span style=\"color: #ffffff;\"><span class=\"color-value color-value-hex\"><span data-field=\"hex\" data-prefix=\"#\" data-editable=\"true\"><br \/>\n<\/span><\/span><\/span><\/span><\/strong><\/h1>\n[\/vc_column_text][\/vc_column_inner][\/vc_row_inner][vc_row_inner][vc_column_inner][vc_icon icon_fontawesome=&#8221;fa fa-chevron-down&#8221; color=&#8221;custom&#8221; background_style=&#8221;rounded&#8221; background_color=&#8221;custom&#8221; align=&#8221;center&#8221; custom_background_color=&#8221;rgba(255,255,255,0.27)&#8221; custom_color=&#8221;#ffffff&#8221; link=&#8221;url:%23hive||&#8221;][\/vc_column_inner][\/vc_row_inner][\/vc_column][\/vc_row][vc_row el_id=&#8221;hive&#8221;][vc_column]<div class=\"ult-spacer spacer-69ddf3803ae87\" data-id=\"69ddf3803ae87\" data-height=\"120\" data-height-mobile=\"30\" data-height-tab=\"30\" data-height-tab-portrait=\"30\" data-height-mobile-landscape=\"30\" style=\"clear:both;display:block;\"><\/div>[\/vc_column][\/vc_row][vc_row equal_height=&#8221;yes&#8221; content_placement=&#8221;middle&#8221;][vc_column offset=&#8221;vc_col-lg-6 vc_hidden-md vc_hidden-sm vc_hidden-xs&#8221;][vc_single_image image=&#8221;2755&#8243; img_size=&#8221;full&#8221;][\/vc_column][vc_column offset=&#8221;vc_col-lg-6 vc_col-xs-12&#8243;][vc_column_text]Whether in accounting, controlling, purchasing or other areas of the company, large quantities of data are generated and stored in the SAP system. Can you, however, quickly access relevant information?<\/p>\n<p>The SAP search function is not always an ideal aid. Sometimes it takes too long, sometimes you simply can\u2019t search for the known feature or you only have parts of the information, that can\u2019t be entered in the SAP standard.<\/p>\n<p>With HIVE Search it is possible to search through large amounts of data in a very short time and design the search mask in a way that allows your employees to enter what they know about the process or was communicated by their business partners as part of a request. HIVE Search implements the idea of an internet search engine for the SAP system.[\/vc_column_text][\/vc_column][\/vc_row][vc_row full_width=&#8221;stretch_row&#8221; equal_height=&#8221;yes&#8221; content_placement=&#8221;top&#8221;][vc_column offset=&#8221;vc_col-md-12 vc_col-xs-12&#8243;]<div class=\"ult-spacer spacer-69ddf3803ae97\" data-id=\"69ddf3803ae97\" data-height=\"50\" data-height-mobile=\"20\" data-height-tab=\"20\" data-height-tab-portrait=\"20\" data-height-mobile-landscape=\"20\" style=\"clear:both;display:block;\"><\/div><div class=\"smile_icon_list_wrap ult-adjust-bottom-margin  \"><ul class=\"smile_icon_list left circle with_bg\"><li class=\"icon_list_item\" style=\" font-size:72px;\"><div class=\"icon_list_icon\" data-animation=\"\" data-animation-delay=\"03\" style=\"font-size:24px;border-width:1px;border-style:none;background:#26a232;color:#006126;border-color:#333333;\"><i class=\"Defaults-file-o\" ><\/i><\/div><div class=\"icon_description\" id=\"Info-list-wrap-6655\" style=\"font-size:24px;\"><div class=\"icon_description_text ult-responsive\"  data-ultimate-target='#Info-list-wrap-6655 .icon_description_text'  data-responsive-json-new='{\"font-size\":\"desktop:18px;\",\"line-height\":\"desktop:18px;\"}'  style=\"font-family:'Lato';\"><p style=\"line-height: 140%; background: white;\">The additional value of HIVE Search can especially be seen when you need information from long texts, string fields, IDOCs, XML messages or similarly unstructured data sources.<span style=\"font-size: 12pt; line-height: 140%; font-family: 'Arial','sans-serif';\"><br \/>\n<\/span><\/p>\n<\/div><\/div><div class=\"icon_list_connector\"  style=\"border-color:#26a232;\"><\/div><\/li><li class=\"icon_list_item\" style=\" font-size:72px;\"><div class=\"icon_list_icon\" data-animation=\"\" data-animation-delay=\"03\" style=\"font-size:24px;border-width:1px;border-style:none;background:#26a232;color:#006126;border-color:#333333;\"><i class=\"Defaults-check\" ><\/i><\/div><div class=\"icon_description\" id=\"Info-list-wrap-9126\" style=\"font-size:24px;\"><div class=\"icon_description_text ult-responsive\"  data-ultimate-target='#Info-list-wrap-9126 .icon_description_text'  data-responsive-json-new='{\"font-size\":\"desktop:18px;\",\"line-height\":\"desktop:18px;\"}'  style=\"font-family:'Lato';\"><p style=\"line-height: 140%; background: white;\"><span style=\"font-size: 12pt; line-height: 140%; font-family: 'Arial','sans-serif';\">The implementation is simple and fast. HIVE-Search has been completely developed with ABAP and can be imported into your SAP system like any other program. After indexing the relevant data, the search can begin. Integration into the F4 value help is also possible. Of course, we also adapt HIVE-Search to your requirements.<\/span><\/p>\n<\/div><\/div><div class=\"icon_list_connector\"  style=\"border-color:#26a232;\"><\/div><\/li><li class=\"icon_list_item\" style=\" font-size:72px;\"><div class=\"icon_list_icon\" data-animation=\"\" data-animation-delay=\"03\" style=\"font-size:24px;border-width:1px;border-style:none;background:#26a232;color:#006126;border-color:#333333;\"><i class=\"Defaults-star\" ><\/i><\/div><div class=\"icon_description\" id=\"Info-list-wrap-9393\" style=\"font-size:24px;\"><div class=\"icon_description_text ult-responsive\"  data-ultimate-target='#Info-list-wrap-9393 .icon_description_text'  data-responsive-json-new='{\"font-size\":\"desktop:18px;\",\"line-height\":\"desktop:18px;\"}'  style=\"font-family:'Lato';\"><p style=\"line-height: 140%; background: white;\">HIVE Search has proven to be successful for numerous customers, such as MAN, Hornbach, Swarovksi, ZDF or HSE24 Italy.<span style=\"font-size: 12pt; line-height: 140%; font-family: 'Arial','sans-serif';\"><br \/>\n<\/span><\/p>\n<\/div><\/div><div class=\"icon_list_connector\"  style=\"border-color:#26a232;\"><\/div><\/li><li class=\"icon_list_item\" style=\" font-size:72px;\"><div class=\"icon_list_icon\" data-animation=\"\" data-animation-delay=\"03\" style=\"font-size:24px;border-width:1px;border-style:none;background:#26a232;color:#006126;border-color:#333333;\"><i class=\"Defaults-question\" ><\/i><\/div><div class=\"icon_description\" id=\"Info-list-wrap-3857\" style=\"font-size:24px;\"><div class=\"icon_description_text ult-responsive\"  data-ultimate-target='#Info-list-wrap-3857 .icon_description_text'  data-responsive-json-new='{\"font-size\":\"desktop:18px;\",\"line-height\":\"desktop:18px;\"}'  style=\"font-family:'Lato';\"><p style=\"line-height: 140%; background: white;\"><span style=\"font-size: 12pt; line-height: 140%; font-family: 'Arial','sans-serif';\">You will now ask yourself whether HIVE Search is the right solution for your needs. Just send a short e-mail to <span style=\"color: #006126;\"><a style=\"color: #006126;\" href=\"mailto:info@conovum.de?subject=Anfrage%20zu%20HIVE%20Search\">info@conovum.de<\/a><\/span>. The right contact person will be informed automatically and you will quickly receive an answer. We look forward to your enquiry.<br \/>\n<\/span><\/p>\n<p style=\"line-height: 140%; background: white;\"><span style=\"font-size: 12pt; line-height: 140%; font-family: 'Arial','sans-serif';\">\u00a0<\/span><\/p>\n<\/div><\/div><div class=\"icon_list_connector\"  style=\"border-color:#26a232;\"><\/div><\/li><\/ul><\/div>[\/vc_column][\/vc_row]\n<\/div>","protected":false},"excerpt":{"rendered":"<p>[vc_row full_width=&#8221;stretch_row_content&#8221; full_height=&#8221;yes&#8221; content_placement=&#8221;middle&#8221; bg_type=&#8221;image&#8221; parallax_style=&#8221;vcpb-default&#8221; bg_image_new=&#8221;id^2754|url^http:\/\/test2.conovum.com\/wp-content\/uploads\/Hive-Search-Header.jpg|caption^null|alt^null|title^Hive Search Header|description^null&#8221; css=&#8221;.vc_custom_1472562638185{margin-top: -52px !important;}&#8221;][vc_column][vc_row_inner css=&#8221;.vc_custom_1470738844716{background-color: rgba(255,255,255,0.66) !important;*background-color: rgb(255,255,255) !important;}&#8221;][vc_column_inner][vc_column_text] The Search Engine for Your SAP System: HIVE SEARCH [\/vc_column_text][\/vc_column_inner][\/vc_row_inner][vc_row_inner][vc_column_inner][vc_icon icon_fontawesome=&#8221;fa fa-chevron-down&#8221; color=&#8221;custom&#8221; background_style=&#8221;rounded&#8221; background_color=&#8221;custom&#8221; align=&#8221;center&#8221; custom_background_color=&#8221;rgba(255,255,255,0.27)&#8221; custom_color=&#8221;#ffffff&#8221; link=&#8221;url:%23hive||&#8221;][\/vc_column_inner][\/vc_row_inner][\/vc_column][\/vc_row][vc_row el_id=&#8221;hive&#8221;][vc_column][\/vc_column][\/vc_row][vc_row equal_height=&#8221;yes&#8221; content_placement=&#8221;middle&#8221;][vc_column offset=&#8221;vc_col-lg-6 vc_hidden-md vc_hidden-sm vc_hidden-xs&#8221;][vc_single_image image=&#8221;2755&#8243; img_size=&#8221;full&#8221;][\/vc_column][vc_column offset=&#8221;vc_col-lg-6 vc_col-xs-12&#8243;][vc_column_text]Whether in accounting, controlling, purchasing or other areas of the company, large quantities of data are generated and stored in the SAP system. Can you, however, quickly access relevant information? The SAP search function is not always an ideal aid. Sometimes it takes too long, sometimes you simply can\u2019t search for the known feature or you only have parts of the information, that can\u2019t be entered in the SAP standard. With HIVE Search it is possible to search through large amounts of data in a very short time and design the search mask in a way that allows your employees to enter what they know about the process or was communicated by their business partners as part of a request. HIVE Search implements the idea of an internet search engine for the SAP system.[\/vc_column_text][\/vc_column][\/vc_row][vc_row full_width=&#8221;stretch_row&#8221; equal_height=&#8221;yes&#8221; content_placement=&#8221;top&#8221;][vc_column offset=&#8221;vc_col-md-12 vc_col-xs-12&#8243;][\/vc_column][\/vc_row]<\/p>\n","protected":false},"author":1,"featured_media":0,"parent":0,"menu_order":0,"comment_status":"closed","ping_status":"closed","template":"","meta":{"footnotes":""},"class_list":["post-1411","page","type-page","status-publish","hentry"],"yoast_head":"<!-- This site is optimized with the Yoast SEO plugin v27.3 - https:\/\/yoast.com\/product\/yoast-seo-wordpress\/ -->\n<title>HIVE Search - conovum: SAP-Suchfunktion f\u00fcr gro\u00dfe Datenmengen<\/title>\n<meta name=\"description\" content=\"\u00dcberall im SAP-System generieren Sie gro\u00dfe Datenmengen, aber haben Sie die relevanten Informationen bei Bedarf auch wieder im Zugriff? L\u00f6sung: HIVE Search\" \/>\n<meta name=\"robots\" content=\"index, follow, max-snippet:-1, max-image-preview:large, max-video-preview:-1\" \/>\n<link rel=\"canonical\" href=\"https:\/\/conovum.de\/en\/hive-search-2\/\" \/>\n<meta property=\"og:locale\" content=\"en_US\" \/>\n<meta property=\"og:type\" content=\"article\" \/>\n<meta property=\"og:title\" content=\"HIVE Search - conovum: SAP-Suchfunktion f\u00fcr gro\u00dfe Datenmengen\" \/>\n<meta property=\"og:description\" content=\"\u00dcberall im SAP-System generieren Sie gro\u00dfe Datenmengen, aber haben Sie die relevanten Informationen bei Bedarf auch wieder im Zugriff? L\u00f6sung: HIVE Search\" \/>\n<meta property=\"og:url\" content=\"https:\/\/conovum.de\/en\/hive-search-2\/\" \/>\n<meta property=\"og:site_name\" content=\"conovum\" \/>\n<meta property=\"article:modified_time\" content=\"2017-02-08T14:42:04+00:00\" \/>\n<meta name=\"twitter:card\" content=\"summary_large_image\" \/>\n<meta name=\"twitter:label1\" content=\"Est. reading time\" \/>\n\t<meta name=\"twitter:data1\" content=\"3 minutes\" \/>\n<script type=\"application\/ld+json\" class=\"yoast-schema-graph\">{\"@context\":\"https:\\\/\\\/schema.org\",\"@graph\":[{\"@type\":\"WebPage\",\"@id\":\"https:\\\/\\\/conovum.de\\\/en\\\/hive-search-2\\\/\",\"url\":\"https:\\\/\\\/conovum.de\\\/en\\\/hive-search-2\\\/\",\"name\":\"HIVE Search - conovum: SAP-Suchfunktion f\u00fcr gro\u00dfe Datenmengen\",\"isPartOf\":{\"@id\":\"https:\\\/\\\/conovum.de\\\/en\\\/#website\"},\"datePublished\":\"2016-07-20T11:52:07+00:00\",\"dateModified\":\"2017-02-08T14:42:04+00:00\",\"description\":\"\u00dcberall im SAP-System generieren Sie gro\u00dfe Datenmengen, aber haben Sie die relevanten Informationen bei Bedarf auch wieder im Zugriff? L\u00f6sung: HIVE Search\",\"breadcrumb\":{\"@id\":\"https:\\\/\\\/conovum.de\\\/en\\\/hive-search-2\\\/#breadcrumb\"},\"inLanguage\":\"en-US\",\"potentialAction\":[{\"@type\":\"ReadAction\",\"target\":[[\"https:\\\/\\\/conovum.de\\\/en\\\/hive-search-2\\\/\"]]}]},{\"@type\":\"BreadcrumbList\",\"@id\":\"https:\\\/\\\/conovum.de\\\/en\\\/hive-search-2\\\/#breadcrumb\",\"itemListElement\":[{\"@type\":\"ListItem\",\"position\":1,\"name\":\"Startseite\",\"item\":\"https:\\\/\\\/conovum.de\\\/en\\\/\"},{\"@type\":\"ListItem\",\"position\":2,\"name\":\"HIVE Search\"}]},{\"@type\":\"WebSite\",\"@id\":\"https:\\\/\\\/conovum.de\\\/en\\\/#website\",\"url\":\"https:\\\/\\\/conovum.de\\\/en\\\/\",\"name\":\"conovum\",\"description\":\"\",\"potentialAction\":[{\"@type\":\"SearchAction\",\"target\":{\"@type\":\"EntryPoint\",\"urlTemplate\":\"https:\\\/\\\/conovum.de\\\/en\\\/?s={search_term_string}\"},\"query-input\":{\"@type\":\"PropertyValueSpecification\",\"valueRequired\":true,\"valueName\":\"search_term_string\"}}],\"inLanguage\":\"en-US\"}]}<\/script>\n<!-- \/ Yoast SEO plugin. -->","yoast_head_json":{"title":"HIVE Search - conovum: SAP-Suchfunktion f\u00fcr gro\u00dfe Datenmengen","description":"\u00dcberall im SAP-System generieren Sie gro\u00dfe Datenmengen, aber haben Sie die relevanten Informationen bei Bedarf auch wieder im Zugriff? L\u00f6sung: HIVE Search","robots":{"index":"index","follow":"follow","max-snippet":"max-snippet:-1","max-image-preview":"max-image-preview:large","max-video-preview":"max-video-preview:-1"},"canonical":"https:\/\/conovum.de\/en\/hive-search-2\/","og_locale":"en_US","og_type":"article","og_title":"HIVE Search - conovum: SAP-Suchfunktion f\u00fcr gro\u00dfe Datenmengen","og_description":"\u00dcberall im SAP-System generieren Sie gro\u00dfe Datenmengen, aber haben Sie die relevanten Informationen bei Bedarf auch wieder im Zugriff? L\u00f6sung: HIVE Search","og_url":"https:\/\/conovum.de\/en\/hive-search-2\/","og_site_name":"conovum","article_modified_time":"2017-02-08T14:42:04+00:00","twitter_card":"summary_large_image","twitter_misc":{"Est. reading time":"3 minutes"},"schema":{"@context":"https:\/\/schema.org","@graph":[{"@type":"WebPage","@id":"https:\/\/conovum.de\/en\/hive-search-2\/","url":"https:\/\/conovum.de\/en\/hive-search-2\/","name":"HIVE Search - conovum: SAP-Suchfunktion f\u00fcr gro\u00dfe Datenmengen","isPartOf":{"@id":"https:\/\/conovum.de\/en\/#website"},"datePublished":"2016-07-20T11:52:07+00:00","dateModified":"2017-02-08T14:42:04+00:00","description":"\u00dcberall im SAP-System generieren Sie gro\u00dfe Datenmengen, aber haben Sie die relevanten Informationen bei Bedarf auch wieder im Zugriff? L\u00f6sung: HIVE Search","breadcrumb":{"@id":"https:\/\/conovum.de\/en\/hive-search-2\/#breadcrumb"},"inLanguage":"en-US","potentialAction":[{"@type":"ReadAction","target":[["https:\/\/conovum.de\/en\/hive-search-2\/"]]}]},{"@type":"BreadcrumbList","@id":"https:\/\/conovum.de\/en\/hive-search-2\/#breadcrumb","itemListElement":[{"@type":"ListItem","position":1,"name":"Startseite","item":"https:\/\/conovum.de\/en\/"},{"@type":"ListItem","position":2,"name":"HIVE Search"}]},{"@type":"WebSite","@id":"https:\/\/conovum.de\/en\/#website","url":"https:\/\/conovum.de\/en\/","name":"conovum","description":"","potentialAction":[{"@type":"SearchAction","target":{"@type":"EntryPoint","urlTemplate":"https:\/\/conovum.de\/en\/?s={search_term_string}"},"query-input":{"@type":"PropertyValueSpecification","valueRequired":true,"valueName":"search_term_string"}}],"inLanguage":"en-US"}]}},"_links":{"self":[{"href":"https:\/\/conovum.de\/en\/wp-json\/wp\/v2\/pages\/1411","targetHints":{"allow":["GET"]}}],"collection":[{"href":"https:\/\/conovum.de\/en\/wp-json\/wp\/v2\/pages"}],"about":[{"href":"https:\/\/conovum.de\/en\/wp-json\/wp\/v2\/types\/page"}],"author":[{"embeddable":true,"href":"https:\/\/conovum.de\/en\/wp-json\/wp\/v2\/users\/1"}],"replies":[{"embeddable":true,"href":"https:\/\/conovum.de\/en\/wp-json\/wp\/v2\/comments?post=1411"}],"version-history":[{"count":9,"href":"https:\/\/conovum.de\/en\/wp-json\/wp\/v2\/pages\/1411\/revisions"}],"predecessor-version":[{"id":3453,"href":"https:\/\/conovum.de\/en\/wp-json\/wp\/v2\/pages\/1411\/revisions\/3453"}],"wp:attachment":[{"href":"https:\/\/conovum.de\/en\/wp-json\/wp\/v2\/media?parent=1411"}],"curies":[{"name":"wp","href":"https:\/\/api.w.org\/{rel}","templated":true}]}}