{"id":1551,"date":"2016-07-21T12:08:31","date_gmt":"2016-07-21T10:08:31","guid":{"rendered":"http:\/\/dev.conovum.com\/?page_id=1551"},"modified":"2017-02-08T16:00:47","modified_gmt":"2017-02-08T15:00:47","slug":"travelwarehouse","status":"publish","type":"page","link":"https:\/\/conovum.de\/en\/travelwarehouse\/","title":{"rendered":"Travel Warehouse"},"content":{"rendered":"<div class=\"wpb-content-wrapper\">[vc_row full_width=&#8221;stretch_row_content&#8221; full_height=&#8221;yes&#8221; content_placement=&#8221;middle&#8221; bg_type=&#8221;image&#8221; parallax_style=&#8221;vcpb-default&#8221; bg_image_new=&#8221;id^2703|url^http:\/\/test2.conovum.com\/wp-content\/uploads\/Travel-Warehouse-Header.jpg|caption^null|alt^null|title^Travel Warehouse Header|description^null&#8221; css=&#8221;.vc_custom_1472563550166{margin-top: -52px !important;margin-right: 30px !important;margin-bottom: -60px !important;margin-left: 30px !important;border-bottom-width: -60px !important;padding-bottom: -60px !important;}&#8221;][vc_column][vc_row_inner content_placement=&#8221;middle&#8221; css=&#8221;.vc_custom_1470731090449{margin-right: 5px !important;margin-left: 5px !important;background-color: rgba(255,255,255,0.76) !important;*background-color: rgb(255,255,255) !important;}&#8221;][vc_column_inner offset=&#8221;vc_col-md-3 vc_col-xs-2&#8243;][vc_column_text]\n<h1 style=\"text-align: center;\"><span style=\"color: #26a232;\"><span style=\"font-size: 26pt;\">Travel Warehouse<\/span><\/span><\/h1>\n[\/vc_column_text][\/vc_column_inner][vc_column_inner offset=&#8221;vc_col-md-9 vc_col-xs-12&#8243;][vc_column_text]\n<span style=\"font-size: 12pt;\">The TravelWarehouse is based on SAP and can be used on SAP BI or on the conovum Smart Reporting platform. It replaces the &#8220;stand-alone solutions&#8221; and particularly supports the following situations: Centralized and decentralized travel bookings and expenses, use of one or more Online Booking Engines, service of implant or outplant travel agencies, group trips, event trips with contingent agreements, use of the Corporate Cards or Company Cards as well as system-based personnel processes.<\/span><\/p>\n<p><span style=\"font-size: 12pt;\">Examples include: time series analysis of the price developments of particular service providers, geographical analysis of price developments, pre-booking behavior, benchmarking, success analyzsis, sensitivity analysis.<\/span>[\/vc_column_text][\/vc_column_inner][\/vc_row_inner][\/vc_column][\/vc_row]\n<\/div>","protected":false},"excerpt":{"rendered":"<p>[vc_row full_width=&#8221;stretch_row_content&#8221; full_height=&#8221;yes&#8221; content_placement=&#8221;middle&#8221; bg_type=&#8221;image&#8221; parallax_style=&#8221;vcpb-default&#8221; bg_image_new=&#8221;id^2703|url^http:\/\/test2.conovum.com\/wp-content\/uploads\/Travel-Warehouse-Header.jpg|caption^null|alt^null|title^Travel Warehouse Header|description^null&#8221; css=&#8221;.vc_custom_1472563550166{margin-top: -52px !important;margin-right: 30px !important;margin-bottom: -60px !important;margin-left: 30px !important;border-bottom-width: -60px !important;padding-bottom: -60px !important;}&#8221;][vc_column][vc_row_inner content_placement=&#8221;middle&#8221; css=&#8221;.vc_custom_1470731090449{margin-right: 5px !important;margin-left: 5px !important;background-color: rgba(255,255,255,0.76) !important;*background-color: rgb(255,255,255) !important;}&#8221;][vc_column_inner offset=&#8221;vc_col-md-3 vc_col-xs-2&#8243;][vc_column_text] Travel Warehouse [\/vc_column_text][\/vc_column_inner][vc_column_inner offset=&#8221;vc_col-md-9 vc_col-xs-12&#8243;][vc_column_text] The TravelWarehouse is based on SAP and can be used on SAP BI or on the conovum Smart Reporting platform. It replaces the &#8220;stand-alone solutions&#8221; and particularly supports the following situations: Centralized and decentralized travel bookings and expenses, use of one or more Online Booking Engines, service of implant or outplant travel agencies, group trips, event trips with contingent agreements, use of the Corporate Cards or Company Cards as well as system-based personnel processes. Examples include: time series analysis of the price developments of particular service providers, geographical analysis of price developments, pre-booking behavior, benchmarking, success analyzsis, sensitivity analysis.[\/vc_column_text][\/vc_column_inner][\/vc_row_inner][\/vc_column][\/vc_row]<\/p>\n","protected":false},"author":1,"featured_media":0,"parent":0,"menu_order":0,"comment_status":"closed","ping_status":"closed","template":"","meta":{"footnotes":""},"class_list":["post-1551","page","type-page","status-publish","hentry"],"yoast_head":"<!-- This site is optimized with the Yoast SEO plugin v27.5 - https:\/\/yoast.com\/product\/yoast-seo-wordpress\/ -->\n<title>TravelWarehouse - conovum: Integration von Gesch\u00e4ftsreisedaten<\/title>\n<meta name=\"description\" content=\"Das TravelWarehouse dient der Integration von Gesch\u00e4ftsreisedaten aus verf\u00fcgbaren Quellen, um vollst\u00e4ndige, kundenindividuelle Auswertungen zu erhalten.\" \/>\n<meta name=\"robots\" content=\"index, follow, max-snippet:-1, max-image-preview:large, max-video-preview:-1\" \/>\n<link rel=\"canonical\" href=\"https:\/\/conovum.de\/en\/travelwarehouse\/\" \/>\n<meta property=\"og:locale\" content=\"en_US\" \/>\n<meta property=\"og:type\" content=\"article\" \/>\n<meta property=\"og:title\" content=\"TravelWarehouse - conovum: Integration von Gesch\u00e4ftsreisedaten\" \/>\n<meta property=\"og:description\" content=\"Das TravelWarehouse dient der Integration von Gesch\u00e4ftsreisedaten aus verf\u00fcgbaren Quellen, um vollst\u00e4ndige, kundenindividuelle Auswertungen zu erhalten.\" \/>\n<meta property=\"og:url\" content=\"https:\/\/conovum.de\/en\/travelwarehouse\/\" \/>\n<meta property=\"og:site_name\" content=\"conovum\" \/>\n<meta property=\"article:modified_time\" content=\"2017-02-08T15:00:47+00:00\" \/>\n<meta name=\"twitter:card\" content=\"summary_large_image\" \/>\n<meta name=\"twitter:label1\" content=\"Est. reading time\" \/>\n\t<meta name=\"twitter:data1\" content=\"1 minute\" \/>\n<script type=\"application\/ld+json\" class=\"yoast-schema-graph\">{\"@context\":\"https:\\\/\\\/schema.org\",\"@graph\":[{\"@type\":\"WebPage\",\"@id\":\"https:\\\/\\\/conovum.de\\\/en\\\/travelwarehouse\\\/\",\"url\":\"https:\\\/\\\/conovum.de\\\/en\\\/travelwarehouse\\\/\",\"name\":\"TravelWarehouse - conovum: Integration von Gesch\u00e4ftsreisedaten\",\"isPartOf\":{\"@id\":\"https:\\\/\\\/conovum.de\\\/en\\\/#website\"},\"datePublished\":\"2016-07-21T10:08:31+00:00\",\"dateModified\":\"2017-02-08T15:00:47+00:00\",\"description\":\"Das TravelWarehouse dient der Integration von Gesch\u00e4ftsreisedaten aus verf\u00fcgbaren Quellen, um vollst\u00e4ndige, kundenindividuelle Auswertungen zu erhalten.\",\"breadcrumb\":{\"@id\":\"https:\\\/\\\/conovum.de\\\/en\\\/travelwarehouse\\\/#breadcrumb\"},\"inLanguage\":\"en-US\",\"potentialAction\":[{\"@type\":\"ReadAction\",\"target\":[[\"https:\\\/\\\/conovum.de\\\/en\\\/travelwarehouse\\\/\"]]}]},{\"@type\":\"BreadcrumbList\",\"@id\":\"https:\\\/\\\/conovum.de\\\/en\\\/travelwarehouse\\\/#breadcrumb\",\"itemListElement\":[{\"@type\":\"ListItem\",\"position\":1,\"name\":\"Startseite\",\"item\":\"https:\\\/\\\/conovum.de\\\/en\\\/\"},{\"@type\":\"ListItem\",\"position\":2,\"name\":\"Travel Warehouse\"}]},{\"@type\":\"WebSite\",\"@id\":\"https:\\\/\\\/conovum.de\\\/en\\\/#website\",\"url\":\"https:\\\/\\\/conovum.de\\\/en\\\/\",\"name\":\"conovum\",\"description\":\"\",\"potentialAction\":[{\"@type\":\"SearchAction\",\"target\":{\"@type\":\"EntryPoint\",\"urlTemplate\":\"https:\\\/\\\/conovum.de\\\/en\\\/?s={search_term_string}\"},\"query-input\":{\"@type\":\"PropertyValueSpecification\",\"valueRequired\":true,\"valueName\":\"search_term_string\"}}],\"inLanguage\":\"en-US\"}]}<\/script>\n<!-- \/ Yoast SEO plugin. -->","yoast_head_json":{"title":"TravelWarehouse - conovum: Integration von Gesch\u00e4ftsreisedaten","description":"Das TravelWarehouse dient der Integration von Gesch\u00e4ftsreisedaten aus verf\u00fcgbaren Quellen, um vollst\u00e4ndige, kundenindividuelle Auswertungen zu erhalten.","robots":{"index":"index","follow":"follow","max-snippet":"max-snippet:-1","max-image-preview":"max-image-preview:large","max-video-preview":"max-video-preview:-1"},"canonical":"https:\/\/conovum.de\/en\/travelwarehouse\/","og_locale":"en_US","og_type":"article","og_title":"TravelWarehouse - conovum: Integration von Gesch\u00e4ftsreisedaten","og_description":"Das TravelWarehouse dient der Integration von Gesch\u00e4ftsreisedaten aus verf\u00fcgbaren Quellen, um vollst\u00e4ndige, kundenindividuelle Auswertungen zu erhalten.","og_url":"https:\/\/conovum.de\/en\/travelwarehouse\/","og_site_name":"conovum","article_modified_time":"2017-02-08T15:00:47+00:00","twitter_card":"summary_large_image","twitter_misc":{"Est. reading time":"1 minute"},"schema":{"@context":"https:\/\/schema.org","@graph":[{"@type":"WebPage","@id":"https:\/\/conovum.de\/en\/travelwarehouse\/","url":"https:\/\/conovum.de\/en\/travelwarehouse\/","name":"TravelWarehouse - conovum: Integration von Gesch\u00e4ftsreisedaten","isPartOf":{"@id":"https:\/\/conovum.de\/en\/#website"},"datePublished":"2016-07-21T10:08:31+00:00","dateModified":"2017-02-08T15:00:47+00:00","description":"Das TravelWarehouse dient der Integration von Gesch\u00e4ftsreisedaten aus verf\u00fcgbaren Quellen, um vollst\u00e4ndige, kundenindividuelle Auswertungen zu erhalten.","breadcrumb":{"@id":"https:\/\/conovum.de\/en\/travelwarehouse\/#breadcrumb"},"inLanguage":"en-US","potentialAction":[{"@type":"ReadAction","target":[["https:\/\/conovum.de\/en\/travelwarehouse\/"]]}]},{"@type":"BreadcrumbList","@id":"https:\/\/conovum.de\/en\/travelwarehouse\/#breadcrumb","itemListElement":[{"@type":"ListItem","position":1,"name":"Startseite","item":"https:\/\/conovum.de\/en\/"},{"@type":"ListItem","position":2,"name":"Travel Warehouse"}]},{"@type":"WebSite","@id":"https:\/\/conovum.de\/en\/#website","url":"https:\/\/conovum.de\/en\/","name":"conovum","description":"","potentialAction":[{"@type":"SearchAction","target":{"@type":"EntryPoint","urlTemplate":"https:\/\/conovum.de\/en\/?s={search_term_string}"},"query-input":{"@type":"PropertyValueSpecification","valueRequired":true,"valueName":"search_term_string"}}],"inLanguage":"en-US"}]}},"_links":{"self":[{"href":"https:\/\/conovum.de\/en\/wp-json\/wp\/v2\/pages\/1551","targetHints":{"allow":["GET"]}}],"collection":[{"href":"https:\/\/conovum.de\/en\/wp-json\/wp\/v2\/pages"}],"about":[{"href":"https:\/\/conovum.de\/en\/wp-json\/wp\/v2\/types\/page"}],"author":[{"embeddable":true,"href":"https:\/\/conovum.de\/en\/wp-json\/wp\/v2\/users\/1"}],"replies":[{"embeddable":true,"href":"https:\/\/conovum.de\/en\/wp-json\/wp\/v2\/comments?post=1551"}],"version-history":[{"count":9,"href":"https:\/\/conovum.de\/en\/wp-json\/wp\/v2\/pages\/1551\/revisions"}],"predecessor-version":[{"id":3461,"href":"https:\/\/conovum.de\/en\/wp-json\/wp\/v2\/pages\/1551\/revisions\/3461"}],"wp:attachment":[{"href":"https:\/\/conovum.de\/en\/wp-json\/wp\/v2\/media?parent=1551"}],"curies":[{"name":"wp","href":"https:\/\/api.w.org\/{rel}","templated":true}]}}