{"id":1695,"date":"2016-07-22T15:59:53","date_gmt":"2016-07-22T13:59:53","guid":{"rendered":"http:\/\/dev.conovum.com\/?page_id=1695"},"modified":"2017-02-08T16:17:53","modified_gmt":"2017-02-08T15:17:53","slug":"z4meldungen","status":"publish","type":"page","link":"https:\/\/conovum.de\/en\/z4meldungen\/","title":{"rendered":"Z4 Reporting"},"content":{"rendered":"<div class=\"wpb-content-wrapper\">[vc_row full_width=&#8221;stretch_row_content&#8221; full_height=&#8221;yes&#8221; bg_type=&#8221;image&#8221; parallax_style=&#8221;vcpb-default&#8221; bg_image_new=&#8221;id^2717|url^http:\/\/test2.conovum.com\/wp-content\/uploads\/Z4-Meldungen-Header.jpg|caption^null|alt^null|title^Z4 Meldungen Header|description^null&#8221; bg_override=&#8221;ex-full&#8221; enable_overlay=&#8221;enable_overlay_value&#8221; overlay_color=&#8221;rgba(2,2,2,0.28)&#8221; overlay_pattern=&#8221;transperant&#8221; overlay_pattern_opacity=&#8221;80&#8243; overlay_pattern_size=&#8221;1&#8243; overlay_pattern_attachment=&#8221;fixed&#8221; css=&#8221;.vc_custom_1472563699950{margin-top: -52px !important;}&#8221;][vc_column][vc_row_inner content_placement=&#8221;middle&#8221; css=&#8221;.vc_custom_1470741027675{background-color: rgba(255,255,255,0.42) !important;*background-color: rgb(255,255,255) !important;}&#8221;][vc_column_inner][vc_column_text css_animation=&#8221;top-to-bottom&#8221;]\n<h1 style=\"text-align: center;\"><strong><span style=\"font-size: 18pt; color: #ffffff;\"><span style=\"color: #7bc261; font-size: 24pt;\"><span style=\"color: #006126; font-size: 26pt;\">Z4 Reporting<br \/>\n<\/span><\/span><\/span><\/strong><\/h1>\n[\/vc_column_text][\/vc_column_inner][\/vc_row_inner][vc_row_inner][vc_column_inner][vc_icon icon_fontawesome=&#8221;fa fa-chevron-down&#8221; color=&#8221;white&#8221; background_style=&#8221;rounded&#8221; background_color=&#8221;custom&#8221; size=&#8221;lg&#8221; align=&#8221;center&#8221; custom_background_color=&#8221;rgba(255,255,255,0.07)&#8221; link=&#8221;url:%23schwerpunktez4||&#8221;][\/vc_column_inner][\/vc_row_inner][\/vc_column][\/vc_row][vc_row full_width=&#8221;stretch_row_content&#8221; el_id=&#8221;schwerpunktez4&#8243;][vc_column]<div class=\"ult-spacer spacer-69fcc835c8f5c\" data-id=\"69fcc835c8f5c\" data-height=\"120\" data-height-mobile=\"10\" data-height-tab=\"10\" data-height-tab-portrait=\"10\" data-height-mobile-landscape=\"10\" style=\"clear:both;display:block;\"><\/div>[\/vc_column][\/vc_row][vc_row full_width=&#8221;stretch_row_content&#8221; content_placement=&#8221;middle&#8221;][vc_column el_class=&#8221;schwerpunkteaccounting&#8221; offset=&#8221;vc_col-lg-offset-2 vc_col-lg-8&#8243;][vc_column_text]<span style=\"font-size: 12pt;\">In accordance with \u00a7 11 (2) of the German Foreign Trade and Payments Act (AWG) in conjunction with sections 64 et seq. and \u00a7\u00a7 67 et seq. of the German Foreign Trade and Payments Act (AWV), payments to or from non-residents are to be recorded. These payments are to be reported to the Bundesbank (balance of payments) monthly as defined in the Bundesbank&#8217;s <span style=\"color: #006126;\"><a style=\"color: #006126;\" href=\"https:\/\/www.bundesbank.de\/Redaktion\/DE\/Downloads\/Service\/Meldewesen\/Aussenwirtschaft\/Schluessel\/kennzahlenliste_mit_belegarten.pdf?__blob=publicationFile\" target=\"_blank\">list of services.<\/a><\/span><br \/>\n<\/span><\/p>\n<p><span style=\"font-size: 12pt;\">Especially the transaction notifications per Annex Z4 to the AWV pose challenges for companies, because, on the one hand, the legal requirements are not always interpreted correctly, which makes it difficult to identify any business transactions that are relevant to the notification and their correct mapping to key figures. On the other hand, companies often have the option of automatically deriving key figures from the flow of credit and debit receipts. However, a high degree of automation is usually indispensable to meeting the legal requirements with an acceptable amount of effort. In this context, transit business poses a particular challenge. Here there is usually \u2013 at least systematically \u2013 only limited information for a system-supported derivation of the different transit indicators. No later than when it comes to corporate structures with separate legal entities distributed on different systems a comprehensive and integrated Z4 reporting should be considered to minimize manual effort for data consolidation and postprocessing.<br \/>\n<\/span>[\/vc_column_text][\/vc_column][\/vc_row][vc_row full_width=&#8221;stretch_row_content&#8221; bg_type=&#8221;image&#8221; parallax_style=&#8221;vcpb-default&#8221; bg_image_new=&#8221;id^2860|url^http:\/\/test2.conovum.com\/wp-content\/uploads\/Z4-Background.jpg|caption^null|alt^null|title^Z4 Background|description^null&#8221; enable_overlay=&#8221;enable_overlay_value&#8221; overlay_color=&#8221;#ffffff&#8221; overlay_pattern=&#8221;transperant&#8221; overlay_pattern_opacity=&#8221;70&#8243; seperator_enable=&#8221;seperator_enable_value&#8221; seperator_type=&#8221;tilt_left_seperator&#8221; css=&#8221;.vc_custom_1470930405756{margin-bottom: -60px !important;border-bottom-width: -60px !important;padding-bottom: -60px !important;}&#8221;][vc_column offset=&#8221;vc_col-lg-offset-2 vc_col-lg-8&#8243;]<div class=\"ult-spacer spacer-69fcc835c8f6c\" data-id=\"69fcc835c8f6c\" data-height=\"60\" data-height-mobile=\"50\" data-height-tab=\"30\" data-height-tab-portrait=\"50\" data-height-mobile-landscape=\"30\" style=\"clear:both;display:block;\"><\/div>[vc_column_text]<span style=\"font-size: 12pt;\">We offer support in all areas of reporting requirements. The Z4 notification will be the main focus. Various consulting services are, for instance:<\/span>[\/vc_column_text]<div class=\"smile_icon_list_wrap ult-adjust-bottom-margin  \"><ul class=\"smile_icon_list left circle with_bg\"><li class=\"icon_list_item\" style=\" font-size:60px;\"><div class=\"icon_list_icon\" data-animation=\"\" data-animation-delay=\"03\" style=\"font-size:20px;border-width:1px;border-style:none;background:#26a232;color:#006126;border-color:#333333;\"><i class=\"Defaults-check\" ><\/i><\/div><div class=\"icon_description\" id=\"Info-list-wrap-9086\" style=\"font-size:20px;\"><div class=\"icon_description_text ult-responsive\"  data-ultimate-target='#Info-list-wrap-9086 .icon_description_text'  data-responsive-json-new='{\"font-size\":\"desktop:13px;\",\"line-height\":\"desktop:18px;\"}'  style=\"color:#000000;\"><p><span style=\"font-size: 12pt;\"><br \/>\nWeak-point analysis of the current reporting system<br \/>\n<\/span><\/p>\n<\/div><\/div><div class=\"icon_list_connector\"  style=\"border-color:#26a232;\"><\/div><\/li><li class=\"icon_list_item\" style=\" font-size:60px;\"><div class=\"icon_list_icon\" data-animation=\"\" data-animation-delay=\"03\" style=\"font-size:20px;border-width:1px;border-style:none;background:#26a232;color:#006126;border-color:#333333;\"><i class=\"Defaults-check\" ><\/i><\/div><div class=\"icon_description\" id=\"Info-list-wrap-3075\" style=\"font-size:20px;\"><div class=\"icon_description_text ult-responsive\"  data-ultimate-target='#Info-list-wrap-3075 .icon_description_text'  data-responsive-json-new='{\"font-size\":\"desktop:13px;\",\"line-height\":\"desktop:18px;\"}'  style=\"color:#000000;\"><p><span style=\"font-size: 12pt;\"><br \/>\nDevelopment of process optimizations<br \/>\n<\/span><\/p>\n<\/div><\/div><div class=\"icon_list_connector\"  style=\"border-color:#26a232;\"><\/div><\/li><li class=\"icon_list_item\" style=\" font-size:60px;\"><div class=\"icon_list_icon\" data-animation=\"\" data-animation-delay=\"03\" style=\"font-size:20px;border-width:1px;border-style:none;background:#26a232;color:#006126;border-color:#333333;\"><i class=\"Defaults-check\" ><\/i><\/div><div class=\"icon_description\" id=\"Info-list-wrap-7174\" style=\"font-size:20px;\"><div class=\"icon_description_text ult-responsive\"  data-ultimate-target='#Info-list-wrap-7174 .icon_description_text'  data-responsive-json-new='{\"font-size\":\"desktop:13px;\",\"line-height\":\"desktop:18px;\"}'  style=\"color:#000000;\"><p><span style=\"font-size: 12pt;\"><br \/>\nImplementation of solutions in the SAP environment, test management<br \/>\n<\/span><\/p>\n<\/div><\/div><div class=\"icon_list_connector\"  style=\"border-color:#26a232;\"><\/div><\/li><li class=\"icon_list_item\" style=\" font-size:60px;\"><div class=\"icon_list_icon\" data-animation=\"\" data-animation-delay=\"03\" style=\"font-size:20px;border-width:1px;border-style:none;background:#26a232;color:#006126;border-color:#333333;\"><i class=\"Defaults-check\" ><\/i><\/div><div class=\"icon_description\" id=\"Info-list-wrap-7706\" style=\"font-size:20px;\"><div class=\"icon_description_text ult-responsive\"  data-ultimate-target='#Info-list-wrap-7706 .icon_description_text'  data-responsive-json-new='{\"font-size\":\"desktop:13px;\",\"line-height\":\"desktop:18px;\"}'  style=\"color:#000000;\"><p><span style=\"font-size: 12pt;\"><br \/>\nDevelopment of templates and their rollout in group structures<br \/>\n<\/span><\/p>\n<\/div><\/div><div class=\"icon_list_connector\"  style=\"border-color:#26a232;\"><\/div><\/li><li class=\"icon_list_item\" style=\" font-size:60px;\"><div class=\"icon_list_icon\" data-animation=\"\" data-animation-delay=\"03\" style=\"font-size:20px;border-width:1px;border-style:none;background:#26a232;color:#006126;border-color:#333333;\"><i class=\"Defaults-check\" ><\/i><\/div><div class=\"icon_description\" id=\"Info-list-wrap-7813\" style=\"font-size:20px;\"><div class=\"icon_description_text ult-responsive\"  data-ultimate-target='#Info-list-wrap-7813 .icon_description_text'  data-responsive-json-new='{\"font-size\":\"desktop:13px;\",\"line-height\":\"desktop:18px;\"}'  style=\"color:#000000;\"><p><span style=\"font-size: 12pt;\"><br \/>\nSupport in introducing new processes and procedures (change management)<br \/>\n<\/span><\/p>\n<\/div><\/div><div class=\"icon_list_connector\"  style=\"border-color:#26a232;\"><\/div><\/li><li class=\"icon_list_item\" style=\" font-size:60px;\"><div class=\"icon_list_icon\" data-animation=\"\" data-animation-delay=\"03\" style=\"font-size:20px;border-width:1px;border-style:none;background:#26a232;color:#006126;border-color:#333333;\"><i class=\"Defaults-check\" ><\/i><\/div><div class=\"icon_description\" id=\"Info-list-wrap-2893\" style=\"font-size:20px;\"><div class=\"icon_description_text ult-responsive\"  data-ultimate-target='#Info-list-wrap-2893 .icon_description_text'  data-responsive-json-new='{\"font-size\":\"desktop:13px;\",\"line-height\":\"desktop:18px;\"}'  style=\"color:#000000;\"><p><span style=\"font-size: 12pt;\"><br \/>\nSupport of the coordination process with the Deutsche Bundesbank<br \/>\n<\/span><\/p>\n<\/div><\/div><div class=\"icon_list_connector\"  style=\"border-color:#26a232;\"><\/div><\/li><\/ul><\/div><div class=\"ult-spacer spacer-69fcc835c90c8\" data-id=\"69fcc835c90c8\" data-height=\"60\" data-height-mobile=\"10\" data-height-tab=\"10\" data-height-tab-portrait=\"10\" data-height-mobile-landscape=\"10\" style=\"clear:both;display:block;\"><\/div>[\/vc_column][\/vc_row]\n<\/div>","protected":false},"excerpt":{"rendered":"<p>[vc_row full_width=&#8221;stretch_row_content&#8221; full_height=&#8221;yes&#8221; bg_type=&#8221;image&#8221; parallax_style=&#8221;vcpb-default&#8221; bg_image_new=&#8221;id^2717|url^http:\/\/test2.conovum.com\/wp-content\/uploads\/Z4-Meldungen-Header.jpg|caption^null|alt^null|title^Z4 Meldungen Header|description^null&#8221; bg_override=&#8221;ex-full&#8221; enable_overlay=&#8221;enable_overlay_value&#8221; overlay_color=&#8221;rgba(2,2,2,0.28)&#8221; overlay_pattern=&#8221;transperant&#8221; overlay_pattern_opacity=&#8221;80&#8243; overlay_pattern_size=&#8221;1&#8243; overlay_pattern_attachment=&#8221;fixed&#8221; css=&#8221;.vc_custom_1472563699950{margin-top: -52px !important;}&#8221;][vc_column][vc_row_inner content_placement=&#8221;middle&#8221; css=&#8221;.vc_custom_1470741027675{background-color: rgba(255,255,255,0.42) !important;*background-color: rgb(255,255,255) !important;}&#8221;][vc_column_inner][vc_column_text css_animation=&#8221;top-to-bottom&#8221;] Z4 Reporting [\/vc_column_text][\/vc_column_inner][\/vc_row_inner][vc_row_inner][vc_column_inner][vc_icon icon_fontawesome=&#8221;fa fa-chevron-down&#8221; color=&#8221;white&#8221; background_style=&#8221;rounded&#8221; background_color=&#8221;custom&#8221; size=&#8221;lg&#8221; align=&#8221;center&#8221; custom_background_color=&#8221;rgba(255,255,255,0.07)&#8221; link=&#8221;url:%23schwerpunktez4||&#8221;][\/vc_column_inner][\/vc_row_inner][\/vc_column][\/vc_row][vc_row full_width=&#8221;stretch_row_content&#8221; el_id=&#8221;schwerpunktez4&#8243;][vc_column][\/vc_column][\/vc_row][vc_row full_width=&#8221;stretch_row_content&#8221; content_placement=&#8221;middle&#8221;][vc_column el_class=&#8221;schwerpunkteaccounting&#8221; offset=&#8221;vc_col-lg-offset-2 vc_col-lg-8&#8243;][vc_column_text]In accordance with \u00a7 11 (2) of the German Foreign Trade and Payments Act (AWG) in conjunction with sections 64 et seq. and \u00a7\u00a7 67 et seq. of the German Foreign Trade and Payments Act (AWV), payments to or from non-residents are to be recorded. These payments are to be reported to the Bundesbank (balance of payments) monthly as defined in the Bundesbank&#8217;s list of services. Especially the transaction notifications per Annex Z4 to the AWV pose challenges for companies, because, on the one hand, the legal requirements are not always interpreted correctly, which makes it difficult to identify any business transactions that are relevant to the notification and their correct mapping to key figures. On the other hand, companies often have the option of automatically deriving key figures from the flow of credit and debit receipts. However, a high degree of automation is usually indispensable to meeting the legal requirements with an acceptable amount of effort. In this context, transit business poses a particular challenge. Here there is usually \u2013 at least systematically \u2013 only limited information for a system-supported derivation of the different transit indicators. No later than when it comes to corporate structures with separate legal entities distributed on different systems a comprehensive and integrated Z4 reporting should be considered to minimize manual effort for data consolidation and postprocessing. [\/vc_column_text][\/vc_column][\/vc_row][vc_row full_width=&#8221;stretch_row_content&#8221; bg_type=&#8221;image&#8221; parallax_style=&#8221;vcpb-default&#8221; bg_image_new=&#8221;id^2860|url^http:\/\/test2.conovum.com\/wp-content\/uploads\/Z4-Background.jpg|caption^null|alt^null|title^Z4 Background|description^null&#8221; enable_overlay=&#8221;enable_overlay_value&#8221; overlay_color=&#8221;#ffffff&#8221; overlay_pattern=&#8221;transperant&#8221; overlay_pattern_opacity=&#8221;70&#8243; seperator_enable=&#8221;seperator_enable_value&#8221; seperator_type=&#8221;tilt_left_seperator&#8221; css=&#8221;.vc_custom_1470930405756{margin-bottom: -60px !important;border-bottom-width: -60px !important;padding-bottom: -60px !important;}&#8221;][vc_column offset=&#8221;vc_col-lg-offset-2 vc_col-lg-8&#8243;][vc_column_text]We offer support in all areas of reporting requirements. The Z4 notification will be the main focus. Various consulting services are, for instance:[\/vc_column_text][\/vc_column][\/vc_row]<\/p>\n","protected":false},"author":1,"featured_media":0,"parent":0,"menu_order":0,"comment_status":"closed","ping_status":"closed","template":"","meta":{"footnotes":""},"class_list":["post-1695","page","type-page","status-publish","hentry"],"yoast_head":"<!-- This site is optimized with the Yoast SEO plugin v27.5 - https:\/\/yoast.com\/product\/yoast-seo-wordpress\/ -->\n<title>Z4 Meldungen - conovum: Transaktionsmeldungen gem\u00e4\u00df AWV<\/title>\n<meta name=\"description\" content=\"Wir beraten Sie bei der Interpretation der Anlage Z4 zur Au\u00dfenwirtschaftsverordnung, damit die Anlage korrekt ausgef\u00fcllt werden kann.\" \/>\n<meta name=\"robots\" content=\"index, follow, max-snippet:-1, max-image-preview:large, max-video-preview:-1\" \/>\n<link rel=\"canonical\" href=\"https:\/\/conovum.de\/en\/z4meldungen\/\" \/>\n<meta property=\"og:locale\" content=\"en_US\" \/>\n<meta property=\"og:type\" content=\"article\" \/>\n<meta property=\"og:title\" content=\"Z4 Meldungen - conovum: Transaktionsmeldungen gem\u00e4\u00df AWV\" \/>\n<meta property=\"og:description\" content=\"Wir beraten Sie bei der Interpretation der Anlage Z4 zur Au\u00dfenwirtschaftsverordnung, damit die Anlage korrekt ausgef\u00fcllt werden kann.\" \/>\n<meta property=\"og:url\" content=\"https:\/\/conovum.de\/en\/z4meldungen\/\" \/>\n<meta property=\"og:site_name\" content=\"conovum\" \/>\n<meta property=\"article:modified_time\" content=\"2017-02-08T15:17:53+00:00\" \/>\n<meta name=\"twitter:card\" content=\"summary_large_image\" \/>\n<meta name=\"twitter:label1\" content=\"Est. reading time\" \/>\n\t<meta name=\"twitter:data1\" content=\"4 minutes\" \/>\n<script type=\"application\/ld+json\" class=\"yoast-schema-graph\">{\"@context\":\"https:\\\/\\\/schema.org\",\"@graph\":[{\"@type\":\"WebPage\",\"@id\":\"https:\\\/\\\/conovum.de\\\/en\\\/z4meldungen\\\/\",\"url\":\"https:\\\/\\\/conovum.de\\\/en\\\/z4meldungen\\\/\",\"name\":\"Z4 Meldungen - conovum: Transaktionsmeldungen gem\u00e4\u00df AWV\",\"isPartOf\":{\"@id\":\"https:\\\/\\\/conovum.de\\\/en\\\/#website\"},\"datePublished\":\"2016-07-22T13:59:53+00:00\",\"dateModified\":\"2017-02-08T15:17:53+00:00\",\"description\":\"Wir beraten Sie bei der Interpretation der Anlage Z4 zur Au\u00dfenwirtschaftsverordnung, damit die Anlage korrekt ausgef\u00fcllt werden kann.\",\"breadcrumb\":{\"@id\":\"https:\\\/\\\/conovum.de\\\/en\\\/z4meldungen\\\/#breadcrumb\"},\"inLanguage\":\"en-US\",\"potentialAction\":[{\"@type\":\"ReadAction\",\"target\":[[\"https:\\\/\\\/conovum.de\\\/en\\\/z4meldungen\\\/\"]]}]},{\"@type\":\"BreadcrumbList\",\"@id\":\"https:\\\/\\\/conovum.de\\\/en\\\/z4meldungen\\\/#breadcrumb\",\"itemListElement\":[{\"@type\":\"ListItem\",\"position\":1,\"name\":\"Startseite\",\"item\":\"https:\\\/\\\/conovum.de\\\/en\\\/\"},{\"@type\":\"ListItem\",\"position\":2,\"name\":\"Z4 Meldungen\"}]},{\"@type\":\"WebSite\",\"@id\":\"https:\\\/\\\/conovum.de\\\/en\\\/#website\",\"url\":\"https:\\\/\\\/conovum.de\\\/en\\\/\",\"name\":\"conovum\",\"description\":\"\",\"potentialAction\":[{\"@type\":\"SearchAction\",\"target\":{\"@type\":\"EntryPoint\",\"urlTemplate\":\"https:\\\/\\\/conovum.de\\\/en\\\/?s={search_term_string}\"},\"query-input\":{\"@type\":\"PropertyValueSpecification\",\"valueRequired\":true,\"valueName\":\"search_term_string\"}}],\"inLanguage\":\"en-US\"}]}<\/script>\n<!-- \/ Yoast SEO plugin. -->","yoast_head_json":{"title":"Z4 Meldungen - conovum: Transaktionsmeldungen gem\u00e4\u00df AWV","description":"Wir beraten Sie bei der Interpretation der Anlage Z4 zur Au\u00dfenwirtschaftsverordnung, damit die Anlage korrekt ausgef\u00fcllt werden kann.","robots":{"index":"index","follow":"follow","max-snippet":"max-snippet:-1","max-image-preview":"max-image-preview:large","max-video-preview":"max-video-preview:-1"},"canonical":"https:\/\/conovum.de\/en\/z4meldungen\/","og_locale":"en_US","og_type":"article","og_title":"Z4 Meldungen - conovum: Transaktionsmeldungen gem\u00e4\u00df AWV","og_description":"Wir beraten Sie bei der Interpretation der Anlage Z4 zur Au\u00dfenwirtschaftsverordnung, damit die Anlage korrekt ausgef\u00fcllt werden kann.","og_url":"https:\/\/conovum.de\/en\/z4meldungen\/","og_site_name":"conovum","article_modified_time":"2017-02-08T15:17:53+00:00","twitter_card":"summary_large_image","twitter_misc":{"Est. reading time":"4 minutes"},"schema":{"@context":"https:\/\/schema.org","@graph":[{"@type":"WebPage","@id":"https:\/\/conovum.de\/en\/z4meldungen\/","url":"https:\/\/conovum.de\/en\/z4meldungen\/","name":"Z4 Meldungen - conovum: Transaktionsmeldungen gem\u00e4\u00df AWV","isPartOf":{"@id":"https:\/\/conovum.de\/en\/#website"},"datePublished":"2016-07-22T13:59:53+00:00","dateModified":"2017-02-08T15:17:53+00:00","description":"Wir beraten Sie bei der Interpretation der Anlage Z4 zur Au\u00dfenwirtschaftsverordnung, damit die Anlage korrekt ausgef\u00fcllt werden kann.","breadcrumb":{"@id":"https:\/\/conovum.de\/en\/z4meldungen\/#breadcrumb"},"inLanguage":"en-US","potentialAction":[{"@type":"ReadAction","target":[["https:\/\/conovum.de\/en\/z4meldungen\/"]]}]},{"@type":"BreadcrumbList","@id":"https:\/\/conovum.de\/en\/z4meldungen\/#breadcrumb","itemListElement":[{"@type":"ListItem","position":1,"name":"Startseite","item":"https:\/\/conovum.de\/en\/"},{"@type":"ListItem","position":2,"name":"Z4 Meldungen"}]},{"@type":"WebSite","@id":"https:\/\/conovum.de\/en\/#website","url":"https:\/\/conovum.de\/en\/","name":"conovum","description":"","potentialAction":[{"@type":"SearchAction","target":{"@type":"EntryPoint","urlTemplate":"https:\/\/conovum.de\/en\/?s={search_term_string}"},"query-input":{"@type":"PropertyValueSpecification","valueRequired":true,"valueName":"search_term_string"}}],"inLanguage":"en-US"}]}},"_links":{"self":[{"href":"https:\/\/conovum.de\/en\/wp-json\/wp\/v2\/pages\/1695","targetHints":{"allow":["GET"]}}],"collection":[{"href":"https:\/\/conovum.de\/en\/wp-json\/wp\/v2\/pages"}],"about":[{"href":"https:\/\/conovum.de\/en\/wp-json\/wp\/v2\/types\/page"}],"author":[{"embeddable":true,"href":"https:\/\/conovum.de\/en\/wp-json\/wp\/v2\/users\/1"}],"replies":[{"embeddable":true,"href":"https:\/\/conovum.de\/en\/wp-json\/wp\/v2\/comments?post=1695"}],"version-history":[{"count":9,"href":"https:\/\/conovum.de\/en\/wp-json\/wp\/v2\/pages\/1695\/revisions"}],"predecessor-version":[{"id":3473,"href":"https:\/\/conovum.de\/en\/wp-json\/wp\/v2\/pages\/1695\/revisions\/3473"}],"wp:attachment":[{"href":"https:\/\/conovum.de\/en\/wp-json\/wp\/v2\/media?parent=1695"}],"curies":[{"name":"wp","href":"https:\/\/api.w.org\/{rel}","templated":true}]}}