{"id":199,"date":"2016-05-25T15:51:27","date_gmt":"2016-05-25T13:51:27","guid":{"rendered":"http:\/\/dev.conovum.com\/?page_id=199"},"modified":"2017-03-17T08:49:44","modified_gmt":"2017-03-17T07:49:44","slug":"datenschutz","status":"publish","type":"page","link":"https:\/\/conovum.de\/en\/datenschutz\/","title":{"rendered":"Datenschutz"},"content":{"rendered":"<div class=\"wpb-content-wrapper\">[vc_row][vc_column][vc_column_text]<span style=\"font-size: 12pt;\"><strong>Datenschutz<\/strong><\/span><\/p>\n<p><span style=\"font-size: 12pt;\">Die Betreiber dieser Seiten nehmen den Schutz Ihrer pers\u00f6nlichen Daten sehr ernst. Wir behandeln Ihre personenbezogenen Daten vertraulich und entsprechend der gesetzlichen Datenschutzvorschriften sowie dieser Datenschutzerkl\u00e4rung.<\/span><\/p>\n<p><span style=\"font-size: 12pt;\">Die Nutzung unserer Webseite ist in der Regel ohne Angabe personenbezogener Daten m\u00f6glich. Soweit auf unseren Seiten personenbezogene Daten (beispielsweise Name, Anschrift oder E-Mail-Adressen) erhoben werden, erfolgt dies, soweit m\u00f6glich, stets auf freiwilliger Basis. Diese Daten werden ohne Ihre ausdr\u00fcckliche Zustimmung nicht an Dritte weitergegeben.<\/span><\/p>\n<p><span style=\"font-size: 12pt;\">Wir weisen darauf hin, dass die Daten\u00fcbertragung im Internet (z.B. bei der Kommunikation per E-Mail) Sicherheitsl\u00fccken aufweisen kann. Ein l\u00fcckenloser Schutz der Daten vor dem Zugriff durch Dritte ist nicht m\u00f6glich.<\/span><\/p>\n<p><span style=\"font-size: 12pt;\"><strong>Server-Log-Files<\/strong><\/span><\/p>\n<p><span style=\"font-size: 12pt;\">Der Provider der Seiten erhebt und speichert automatisch Informationen in so genannten Server-Log Files, die Ihr Browser automatisch an uns \u00fcbermittelt. Dies sind:<\/span><\/p>\n<ul>\n<li><span style=\"font-size: 12pt;\">Browsertyp \/ Browserversion<\/span><\/li>\n<li><span style=\"font-size: 12pt;\">verwendetes Betriebssystem<\/span><\/li>\n<li><span style=\"font-size: 12pt;\">Referrer URL<\/span><\/li>\n<li><span style=\"font-size: 12pt;\">Hostname des zugreifenden Rechners<\/span><\/li>\n<li><span style=\"font-size: 12pt;\">Uhrzeit der Serveranfrage<\/span><\/li>\n<\/ul>\n<p><span style=\"font-size: 12pt;\">Diese Daten sind nicht bestimmten Personen zuordenbar. Eine Zusammenf\u00fchrung dieser Daten mit anderen Datenquellen wird nicht vorgenommen. Wir behalten uns vor, diese Daten nachtr\u00e4glich zu pr\u00fcfen, wenn uns konkrete Anhaltspunkte f\u00fcr eine rechtswidrige Nutzung bekannt werden.<\/span><\/p>\n<p><span style=\"font-size: 12pt;\"><strong>Kontaktformular<\/strong><\/span><\/p>\n<p><span style=\"font-size: 12pt;\">Wenn Sie uns per Kontaktformular Anfragen zukommen lassen, werden Ihre Angaben aus dem Anfrageformular, inklusive der von Ihnen dort angegebenen Kontaktdaten zwecks Bearbeitung der Anfrage und f\u00fcr den Fall von Anschlussfragen bei uns gespeichert. Diese Daten geben wir nicht ohne Ihre Einwilligung weiter.<\/span><\/p>\n<p><span style=\"font-size: 12pt;\"><strong>Newsletterdaten<\/strong><\/span><\/p>\n<p><span style=\"font-size: 12pt;\">Wenn Sie den auf der Webseite angebotenen Newsletter beziehen m\u00f6chten, ben\u00f6tigen wir von Ihnen eine E-Mail-Adresse sowie Informationen, welche uns die \u00dcberpr\u00fcfung gestatten, dass Sie der Inhaber der angegebenen E-Mail-Adresse sind und mit dem Empfang des Newsletters einverstanden sind. Weitere Daten werden nicht erhoben. Diese Daten verwenden wir ausschlie\u00dflich f\u00fcr den Versand der angeforderten Informationen und geben sie nicht an Dritte weiter.<\/span><\/p>\n<p><span style=\"font-size: 12pt;\">Die erteilte Einwilligung zur Speicherung der Daten, der E-Mail-Adresse sowie deren Nutzung zum Versand des Newsletters k\u00f6nnen Sie jederzeit widerrufen, etwa \u00fcber den \u201eAustragen\u201c-Link im Newsletter.<\/span><\/p>\n<p><span style=\"font-size: 12pt;\"><strong>Datenschutzerkl\u00e4rung f\u00fcr die Nutzung von Google Analytics<\/strong><\/span><\/p>\n<p><span style=\"font-size: 12pt;\">Diese Website nutzt Funktionen des\u00a0 Webanalysedienstes Google Analytics. Anbieter ist die Google Inc. 1600 Amphitheatre Parkway Mountain View, CA 94043, USA. Google Analytics verwendet sog. &#8220;Cookies&#8221;. Das sind Textdateien, die auf Ihrem Computer gespeichert werden und die eine Analyse der Benutzung der Website durch Sie erm\u00f6glichen. Die durch den Cookie erzeugten Informationen \u00fcber Ihre Benutzung dieser Website werden in der Regel an einen Server von Google in den USA \u00fcbertragen und dort gespeichert.<\/span><\/p>\n<p><span style=\"font-size: 12pt;\">Im Falle der Aktivierung der IP-Anonymisierung auf dieser Webseite wird Ihre IP-Adresse von Google jedoch innerhalb von Mitgliedstaaten der Europ\u00e4ischen Union oder in anderen Vertragsstaaten des Abkommens \u00fcber den Europ\u00e4ischen Wirtschaftsraum zuvor gek\u00fcrzt. Nur in Ausnahmef\u00e4llen wird die volle IP-Adresse an einen Server von Google in den USA \u00fcbertragen und dort gek\u00fcrzt. Im Auftrag des Betreibers dieser Website wird Google diese Informationen benutzen, um Ihre Nutzung der Website auszuwerten, um Reports \u00fcber die Websiteaktivit\u00e4ten zusammenzustellen und um weitere mit der Websitenutzung und der Internetnutzung verbundene Dienstleistungen gegen\u00fcber dem Websitebetreiber zu erbringen. Die im Rahmen von Google Analytics von Ihrem Browser \u00fcbermittelte IP-Adresse wird nicht mit anderen Daten von Google zusammengef\u00fchrt.<\/span><\/p>\n<p><span style=\"font-size: 12pt;\">Sie k\u00f6nnen die Speicherung der Cookies durch eine entsprechende Einstellung Ihrer Browser-Software verhindern; wir weisen Sie jedoch darauf hin, dass Sie in diesem Fall gegebenenfalls nicht s\u00e4mtliche Funktionen dieser Website vollumf\u00e4nglich werden nutzen k\u00f6nnen. Sie k\u00f6nnen dar\u00fcber hinaus die Erfassung der durch das Cookie erzeugten und auf Ihre Nutzung der Website bezogenen Daten (inkl. Ihrer IP-Adresse) an Google sowie die Verarbeitung dieser Daten durch Google verhindern, indem sie das unter dem folgenden Link verf\u00fcgbare Browser-Plugin herunterladen und installieren: <a href=\"http:\/\/tools.google.com\/dlpage\/gaoptout?hl=de\">http:\/\/tools.google.com\/dlpage\/gaoptout?hl=de<\/a><\/span><\/p>\n<p><span style=\"font-size: 12pt;\"><strong>Datenschutzerkl\u00e4rung f\u00fcr die Nutzung von Facebook-Plugins (Like-Button)<\/strong><\/span><\/p>\n<p><span style=\"font-size: 12pt;\">Auf unseren Seiten sind Plugins des sozialen Netzwerks Facebook, Anbieter Facebook Inc., 1 Hacker Way, Menlo Park, California 94025, USA, integriert. Die Facebook-Plugins erkennen Sie an dem Facebook-Logo oder dem &#8220;Like-Button&#8221; (&#8220;Gef\u00e4llt mir&#8221;) auf unserer Seite. Eine \u00dcbersicht \u00fcber die Facebook-Plugins finden Sie hier: <a href=\"http:\/\/developers.facebook.com\/docs\/plugins\/\">http:\/\/developers.facebook.com\/docs\/plugins\/<\/a>.<\/span><\/p>\n<p><span style=\"font-size: 12pt;\">Wenn Sie unsere Seiten besuchen, wird \u00fcber das Plugin eine direkte Verbindung zwischen Ihrem Browser und dem Facebook-Server hergestellt. Facebook erh\u00e4lt dadurch die Information, dass Sie mit Ihrer IP-Adresse unsere Seite besucht haben. Wenn Sie den Facebook &#8220;Like-Button&#8221; anklicken w\u00e4hrend Sie in Ihrem Facebook-Account eingeloggt sind, k\u00f6nnen Sie die Inhalte unserer Seiten auf Ihrem Facebook-Profil verlinken. Dadurch kann Facebook den Besuch unserer Seiten Ihrem Benutzerkonto zuordnen. Wir weisen darauf hin, dass wir als Anbieter der Seiten keine Kenntnis vom Inhalt der \u00fcbermittelten Daten sowie deren Nutzung durch Facebook erhalten. Weitere Informationen hierzu finden Sie in der Datenschutzerkl\u00e4rung von Facebook unter <a href=\"http:\/\/de-de.facebook.com\/policy.php\">http:\/\/de-de.facebook.com\/policy.php<\/a>.<\/span><\/p>\n<p><span style=\"font-size: 12pt;\">Wenn Sie nicht w\u00fcnschen, dass Facebook den Besuch unserer Seiten Ihrem Facebook- Nutzerkonto zuordnen kann, loggen Sie sich bitte aus Ihrem Facebook-Benutzerkonto aus.<\/span><\/p>\n<p><span style=\"font-size: 12pt;\"><strong>Datenschutzerkl\u00e4rung f\u00fcr die Nutzung von Xing<\/strong><\/span><\/p>\n<p><span style=\"font-size: 12pt;\">Unsere Webseite nutzt Funktionen des Netzwerks XING. Anbieter ist die XING AG, Dammtorstra\u00dfe 29-32, 20354 Hamburg, Deutschland. Bei jedem Abruf einer unserer Seiten, die Funktionen von Xing enth\u00e4lt, wird eine Verbindung zu Servern von Xing hergestellt. Eine Speicherung von personenbezogenen Daten erfolgt dabei nach unserer Kenntnis nicht. Insbesondere werden keine IP-Adressen gespeichert oder das Nutzungsverhalten ausgewertet.<\/span><\/p>\n<p><span style=\"font-size: 12pt;\">Weitere Information zum Datenschutz und dem Xing Share-Button finden Sie in der Datenschutzerkl\u00e4rung von Xing unter <a href=\"https:\/\/www.xing.com\/app\/share?op=data_protection\">https:\/\/www.xing.com\/app\/share?op=data_protection<\/a><\/span><\/p>\n<p><span style=\"font-size: 12pt;\"><strong>Datenschutzerkl\u00e4rung f\u00fcr die Nutzung von YouTube<\/strong><\/span><\/p>\n<p><span style=\"font-size: 12pt;\">Unsere Webseite nutzt Plugins der von Google betriebenen Seite YouTube. Betreiber der Seiten ist die YouTube, LLC, 901 Cherry Ave., San Bruno, CA 94066, USA. Wenn Sie eine unserer mit einem YouTube-Plugin ausgestatteten Seiten besuchen, wird eine Verbindung zu den Servern von YouTube hergestellt. Dabei wird dem Youtube-Server mitgeteilt, welche unserer Seiten Sie besucht haben.<\/span><br \/>\n<span style=\"font-size: 12pt;\"> Wenn Sie in Ihrem YouTube-Account eingeloggt sind erm\u00f6glichen Sie YouTube, Ihr Surfverhalten direkt Ihrem pers\u00f6nlichen Profil zuzuordnen. Dies k\u00f6nnen Sie verhindern, indem Sie sich aus Ihrem YouTube-Account ausloggen.<\/span><\/p>\n<p><span style=\"font-size: 12pt;\">Weitere Informationen zum Umgang von Nutzerdaten finden Sie in der Datenschutzerkl\u00e4rung von YouTube unter <a href=\"https:\/\/www.google.de\/intl\/de\/policies\/privacy\">https:\/\/www.google.de\/intl\/de\/policies\/privacy<\/a><\/span><\/p>\n<p><span style=\"font-size: 12pt;\"><strong>Auskunft, L\u00f6schung, Sperrung<\/strong><\/span><\/p>\n<p><span style=\"font-size: 12pt;\">Sie haben jederzeit das Recht auf unentgeltliche Auskunft \u00fcber Ihre gespeicherten personenbezogenen Daten, deren Herkunft und Empf\u00e4nger und den Zweck der Datenverarbeitung sowie ein Recht auf Berichtigung, Sperrung oder L\u00f6schung dieser Daten. Hierzu sowie zu weiteren Fragen zum Thema personenbezogene Daten k\u00f6nnen Sie sich jederzeit unter der im Impressum angegebenen Adresse an uns wenden.<\/span><\/p>\n<p><span style=\"font-size: 12pt;\"><strong>Widerspruch Werbe-Mails<\/strong><\/span><\/p>\n<p><span style=\"font-size: 12pt;\">Der Nutzung von im Rahmen der Impressumspflicht ver\u00f6ffentlichten Kontaktdaten zur \u00dcbersendung von nicht ausdr\u00fccklich angeforderter Werbung und Informationsmaterialien wird hiermit widersprochen. Die Betreiber der Seiten behalten sich ausdr\u00fccklich rechtliche Schritte im Falle der unverlangten Zusendung von Werbeinformationen, etwa durch Spam-E-Mails, vor.<\/span><\/p>\n<p><span style=\"font-size: 12pt;\"><em>Quellenangabe: <\/em><a href=\"https:\/\/www.e-recht24.de\"><em>eRecht24<\/em><\/a><\/span>[\/vc_column_text][\/vc_column][\/vc_row]\n<\/div>","protected":false},"excerpt":{"rendered":"<p>[vc_row][vc_column][vc_column_text]Datenschutz Die Betreiber dieser Seiten nehmen den Schutz Ihrer pers\u00f6nlichen Daten sehr ernst. Wir behandeln Ihre personenbezogenen Daten vertraulich und entsprechend der gesetzlichen Datenschutzvorschriften sowie dieser Datenschutzerkl\u00e4rung. Die Nutzung unserer Webseite ist in der Regel ohne Angabe personenbezogener Daten m\u00f6glich. Soweit auf unseren Seiten personenbezogene Daten (beispielsweise Name, Anschrift oder E-Mail-Adressen) erhoben werden, erfolgt dies, soweit m\u00f6glich, stets auf freiwilliger Basis. Diese Daten werden ohne Ihre ausdr\u00fcckliche Zustimmung nicht an Dritte weitergegeben. Wir weisen darauf hin, dass die Daten\u00fcbertragung im Internet (z.B. bei der Kommunikation per E-Mail) Sicherheitsl\u00fccken aufweisen kann. Ein l\u00fcckenloser Schutz der Daten vor dem Zugriff durch Dritte ist nicht m\u00f6glich. Server-Log-Files Der Provider der Seiten erhebt und speichert automatisch Informationen in so genannten Server-Log Files, die Ihr Browser automatisch an uns \u00fcbermittelt. Dies sind: Browsertyp \/ Browserversion verwendetes Betriebssystem Referrer URL Hostname des zugreifenden Rechners Uhrzeit der Serveranfrage Diese Daten sind nicht bestimmten Personen zuordenbar. Eine Zusammenf\u00fchrung dieser Daten mit anderen Datenquellen wird nicht vorgenommen. Wir behalten uns vor, diese Daten nachtr\u00e4glich zu pr\u00fcfen, wenn uns konkrete Anhaltspunkte f\u00fcr eine rechtswidrige Nutzung bekannt werden. Kontaktformular Wenn Sie uns per Kontaktformular Anfragen zukommen lassen, werden Ihre Angaben aus dem Anfrageformular, inklusive der von Ihnen dort angegebenen Kontaktdaten zwecks Bearbeitung der Anfrage und f\u00fcr den Fall von Anschlussfragen bei uns gespeichert. Diese Daten geben wir nicht ohne Ihre Einwilligung weiter. Newsletterdaten Wenn Sie den auf der Webseite angebotenen Newsletter beziehen m\u00f6chten, ben\u00f6tigen wir von Ihnen eine E-Mail-Adresse sowie Informationen, welche uns die \u00dcberpr\u00fcfung gestatten, dass Sie der Inhaber der angegebenen E-Mail-Adresse sind und mit dem Empfang des Newsletters einverstanden sind. Weitere Daten werden nicht erhoben. Diese Daten verwenden wir ausschlie\u00dflich f\u00fcr den Versand der angeforderten Informationen und geben sie nicht an Dritte weiter. Die erteilte Einwilligung zur Speicherung der Daten, der E-Mail-Adresse sowie deren Nutzung zum Versand des Newsletters k\u00f6nnen Sie jederzeit widerrufen, etwa \u00fcber den \u201eAustragen\u201c-Link im Newsletter. Datenschutzerkl\u00e4rung f\u00fcr die Nutzung von Google Analytics Diese Website nutzt Funktionen des\u00a0 Webanalysedienstes Google Analytics. Anbieter ist die Google Inc. 1600 Amphitheatre Parkway Mountain View, CA 94043, USA. Google Analytics verwendet sog. &#8220;Cookies&#8221;. Das sind Textdateien, die auf Ihrem Computer gespeichert werden und die eine Analyse der Benutzung der Website durch Sie erm\u00f6glichen. Die durch den Cookie erzeugten Informationen \u00fcber Ihre Benutzung dieser Website werden in der Regel an einen Server von Google in den USA \u00fcbertragen und dort gespeichert. Im Falle der Aktivierung der IP-Anonymisierung auf dieser Webseite wird Ihre IP-Adresse von Google jedoch innerhalb von Mitgliedstaaten der Europ\u00e4ischen Union oder in anderen Vertragsstaaten des Abkommens \u00fcber den Europ\u00e4ischen Wirtschaftsraum zuvor gek\u00fcrzt. Nur in Ausnahmef\u00e4llen wird die volle IP-Adresse an einen Server von Google in den USA \u00fcbertragen und dort gek\u00fcrzt. Im Auftrag des Betreibers dieser Website wird Google diese Informationen benutzen, um Ihre Nutzung der Website auszuwerten, um Reports \u00fcber die Websiteaktivit\u00e4ten zusammenzustellen und um weitere mit der Websitenutzung und der Internetnutzung verbundene Dienstleistungen gegen\u00fcber dem Websitebetreiber zu erbringen. Die im Rahmen von Google Analytics von Ihrem Browser \u00fcbermittelte IP-Adresse wird nicht mit anderen Daten von Google zusammengef\u00fchrt. Sie k\u00f6nnen die Speicherung der Cookies durch eine entsprechende Einstellung Ihrer Browser-Software verhindern; wir weisen Sie jedoch darauf hin, dass Sie in diesem Fall gegebenenfalls nicht s\u00e4mtliche Funktionen dieser Website vollumf\u00e4nglich werden nutzen k\u00f6nnen. Sie k\u00f6nnen dar\u00fcber hinaus die Erfassung der durch das Cookie erzeugten und auf Ihre Nutzung der Website bezogenen Daten (inkl. Ihrer IP-Adresse) an Google sowie die Verarbeitung dieser Daten durch Google verhindern, indem sie das unter dem folgenden Link verf\u00fcgbare Browser-Plugin herunterladen und installieren: http:\/\/tools.google.com\/dlpage\/gaoptout?hl=de Datenschutzerkl\u00e4rung f\u00fcr die Nutzung von Facebook-Plugins (Like-Button) Auf unseren Seiten sind Plugins des sozialen Netzwerks Facebook, Anbieter Facebook Inc., 1 Hacker Way, Menlo Park, California 94025, USA, integriert. Die Facebook-Plugins erkennen Sie an dem Facebook-Logo oder dem &#8220;Like-Button&#8221; (&#8220;Gef\u00e4llt mir&#8221;) auf unserer Seite. Eine \u00dcbersicht \u00fcber die Facebook-Plugins finden Sie hier: http:\/\/developers.facebook.com\/docs\/plugins\/. Wenn Sie unsere Seiten besuchen, wird \u00fcber das Plugin eine direkte Verbindung zwischen Ihrem Browser und dem Facebook-Server hergestellt. Facebook erh\u00e4lt dadurch die Information, dass Sie mit Ihrer IP-Adresse unsere Seite besucht haben. Wenn Sie den Facebook &#8220;Like-Button&#8221; anklicken w\u00e4hrend Sie in Ihrem Facebook-Account eingeloggt sind, k\u00f6nnen Sie die Inhalte unserer Seiten auf Ihrem Facebook-Profil verlinken. Dadurch kann Facebook den Besuch unserer Seiten Ihrem Benutzerkonto zuordnen. Wir weisen darauf hin, dass wir als Anbieter der Seiten keine Kenntnis vom Inhalt der \u00fcbermittelten Daten sowie deren Nutzung durch Facebook erhalten. Weitere Informationen hierzu finden Sie in der Datenschutzerkl\u00e4rung von Facebook unter http:\/\/de-de.facebook.com\/policy.php. Wenn Sie nicht w\u00fcnschen, dass Facebook den Besuch unserer Seiten Ihrem Facebook- Nutzerkonto zuordnen kann, loggen Sie sich bitte aus Ihrem Facebook-Benutzerkonto aus. Datenschutzerkl\u00e4rung f\u00fcr die Nutzung von Xing Unsere Webseite nutzt Funktionen des Netzwerks XING. Anbieter ist die XING AG, Dammtorstra\u00dfe 29-32, 20354 Hamburg, Deutschland. Bei jedem Abruf einer unserer Seiten, die Funktionen von Xing enth\u00e4lt, wird eine Verbindung zu Servern von Xing hergestellt. Eine Speicherung von personenbezogenen Daten erfolgt dabei nach unserer Kenntnis nicht. Insbesondere werden keine IP-Adressen gespeichert oder das Nutzungsverhalten ausgewertet. Weitere Information zum Datenschutz und dem Xing Share-Button finden Sie in der Datenschutzerkl\u00e4rung von Xing unter https:\/\/www.xing.com\/app\/share?op=data_protection Datenschutzerkl\u00e4rung f\u00fcr die Nutzung von YouTube Unsere Webseite nutzt Plugins der von Google betriebenen Seite YouTube. Betreiber der Seiten ist die YouTube, LLC, 901 Cherry Ave., San Bruno, CA 94066, USA. Wenn Sie eine unserer mit einem YouTube-Plugin ausgestatteten Seiten besuchen, wird eine Verbindung zu den Servern von YouTube hergestellt. Dabei wird dem Youtube-Server mitgeteilt, welche unserer Seiten Sie besucht haben. Wenn Sie in Ihrem YouTube-Account eingeloggt sind erm\u00f6glichen Sie YouTube, Ihr Surfverhalten direkt Ihrem pers\u00f6nlichen Profil zuzuordnen. Dies k\u00f6nnen Sie verhindern, indem Sie sich aus Ihrem YouTube-Account ausloggen. Weitere Informationen zum Umgang von Nutzerdaten finden Sie in der Datenschutzerkl\u00e4rung von YouTube unter https:\/\/www.google.de\/intl\/de\/policies\/privacy Auskunft, L\u00f6schung, Sperrung Sie haben jederzeit das Recht auf unentgeltliche Auskunft \u00fcber Ihre gespeicherten personenbezogenen Daten, deren Herkunft und Empf\u00e4nger und den Zweck der Datenverarbeitung sowie ein Recht auf Berichtigung, Sperrung oder L\u00f6schung dieser Daten. Hierzu sowie zu weiteren Fragen zum Thema personenbezogene Daten k\u00f6nnen Sie sich jederzeit unter der im Impressum angegebenen Adresse an uns wenden. Widerspruch Werbe-Mails Der Nutzung von [&hellip;]<\/p>\n","protected":false},"author":1,"featured_media":0,"parent":0,"menu_order":0,"comment_status":"closed","ping_status":"closed","template":"","meta":{"footnotes":""},"class_list":["post-199","page","type-page","status-publish","hentry"],"yoast_head":"<!-- This site is optimized with the Yoast SEO plugin v27.5 - https:\/\/yoast.com\/product\/yoast-seo-wordpress\/ -->\n<title>Datenschutz - conovum: Schutz Ihrer pers\u00f6nlichen Daten<\/title>\n<meta name=\"description\" content=\"Wir behandeln Ihre personenbezogenen Daten vertraulich und entsprechend der gesetzlichen Datenschutzvorschriften sowie dieser Datenschutzerkl\u00e4rung.\" \/>\n<meta name=\"robots\" content=\"index, follow, max-snippet:-1, max-image-preview:large, max-video-preview:-1\" \/>\n<link rel=\"canonical\" href=\"https:\/\/conovum.de\/en\/datenschutz\/\" \/>\n<meta property=\"og:locale\" content=\"en_US\" \/>\n<meta property=\"og:type\" content=\"article\" \/>\n<meta property=\"og:title\" content=\"Datenschutz - conovum: Schutz Ihrer pers\u00f6nlichen Daten\" \/>\n<meta property=\"og:description\" content=\"Wir behandeln Ihre personenbezogenen Daten vertraulich und entsprechend der gesetzlichen Datenschutzvorschriften sowie dieser Datenschutzerkl\u00e4rung.\" \/>\n<meta property=\"og:url\" content=\"https:\/\/conovum.de\/en\/datenschutz\/\" \/>\n<meta property=\"og:site_name\" content=\"conovum\" \/>\n<meta property=\"article:modified_time\" content=\"2017-03-17T07:49:44+00:00\" \/>\n<meta name=\"twitter:card\" content=\"summary_large_image\" \/>\n<meta name=\"twitter:label1\" content=\"Est. reading time\" \/>\n\t<meta name=\"twitter:data1\" content=\"6 minutes\" \/>\n<script type=\"application\/ld+json\" class=\"yoast-schema-graph\">{\"@context\":\"https:\\\/\\\/schema.org\",\"@graph\":[{\"@type\":\"WebPage\",\"@id\":\"https:\\\/\\\/conovum.de\\\/en\\\/datenschutz\\\/\",\"url\":\"https:\\\/\\\/conovum.de\\\/en\\\/datenschutz\\\/\",\"name\":\"Datenschutz - conovum: Schutz Ihrer pers\u00f6nlichen Daten\",\"isPartOf\":{\"@id\":\"https:\\\/\\\/conovum.de\\\/en\\\/#website\"},\"datePublished\":\"2016-05-25T13:51:27+00:00\",\"dateModified\":\"2017-03-17T07:49:44+00:00\",\"description\":\"Wir behandeln Ihre personenbezogenen Daten vertraulich und entsprechend der gesetzlichen Datenschutzvorschriften sowie dieser Datenschutzerkl\u00e4rung.\",\"breadcrumb\":{\"@id\":\"https:\\\/\\\/conovum.de\\\/en\\\/datenschutz\\\/#breadcrumb\"},\"inLanguage\":\"en-US\",\"potentialAction\":[{\"@type\":\"ReadAction\",\"target\":[[\"https:\\\/\\\/conovum.de\\\/en\\\/datenschutz\\\/\"]]}]},{\"@type\":\"BreadcrumbList\",\"@id\":\"https:\\\/\\\/conovum.de\\\/en\\\/datenschutz\\\/#breadcrumb\",\"itemListElement\":[{\"@type\":\"ListItem\",\"position\":1,\"name\":\"Startseite\",\"item\":\"https:\\\/\\\/conovum.de\\\/en\\\/\"},{\"@type\":\"ListItem\",\"position\":2,\"name\":\"Datenschutz\"}]},{\"@type\":\"WebSite\",\"@id\":\"https:\\\/\\\/conovum.de\\\/en\\\/#website\",\"url\":\"https:\\\/\\\/conovum.de\\\/en\\\/\",\"name\":\"conovum\",\"description\":\"\",\"potentialAction\":[{\"@type\":\"SearchAction\",\"target\":{\"@type\":\"EntryPoint\",\"urlTemplate\":\"https:\\\/\\\/conovum.de\\\/en\\\/?s={search_term_string}\"},\"query-input\":{\"@type\":\"PropertyValueSpecification\",\"valueRequired\":true,\"valueName\":\"search_term_string\"}}],\"inLanguage\":\"en-US\"}]}<\/script>\n<!-- \/ Yoast SEO plugin. -->","yoast_head_json":{"title":"Datenschutz - conovum: Schutz Ihrer pers\u00f6nlichen Daten","description":"Wir behandeln Ihre personenbezogenen Daten vertraulich und entsprechend der gesetzlichen Datenschutzvorschriften sowie dieser Datenschutzerkl\u00e4rung.","robots":{"index":"index","follow":"follow","max-snippet":"max-snippet:-1","max-image-preview":"max-image-preview:large","max-video-preview":"max-video-preview:-1"},"canonical":"https:\/\/conovum.de\/en\/datenschutz\/","og_locale":"en_US","og_type":"article","og_title":"Datenschutz - conovum: Schutz Ihrer pers\u00f6nlichen Daten","og_description":"Wir behandeln Ihre personenbezogenen Daten vertraulich und entsprechend der gesetzlichen Datenschutzvorschriften sowie dieser Datenschutzerkl\u00e4rung.","og_url":"https:\/\/conovum.de\/en\/datenschutz\/","og_site_name":"conovum","article_modified_time":"2017-03-17T07:49:44+00:00","twitter_card":"summary_large_image","twitter_misc":{"Est. reading time":"6 minutes"},"schema":{"@context":"https:\/\/schema.org","@graph":[{"@type":"WebPage","@id":"https:\/\/conovum.de\/en\/datenschutz\/","url":"https:\/\/conovum.de\/en\/datenschutz\/","name":"Datenschutz - conovum: Schutz Ihrer pers\u00f6nlichen Daten","isPartOf":{"@id":"https:\/\/conovum.de\/en\/#website"},"datePublished":"2016-05-25T13:51:27+00:00","dateModified":"2017-03-17T07:49:44+00:00","description":"Wir behandeln Ihre personenbezogenen Daten vertraulich und entsprechend der gesetzlichen Datenschutzvorschriften sowie dieser Datenschutzerkl\u00e4rung.","breadcrumb":{"@id":"https:\/\/conovum.de\/en\/datenschutz\/#breadcrumb"},"inLanguage":"en-US","potentialAction":[{"@type":"ReadAction","target":[["https:\/\/conovum.de\/en\/datenschutz\/"]]}]},{"@type":"BreadcrumbList","@id":"https:\/\/conovum.de\/en\/datenschutz\/#breadcrumb","itemListElement":[{"@type":"ListItem","position":1,"name":"Startseite","item":"https:\/\/conovum.de\/en\/"},{"@type":"ListItem","position":2,"name":"Datenschutz"}]},{"@type":"WebSite","@id":"https:\/\/conovum.de\/en\/#website","url":"https:\/\/conovum.de\/en\/","name":"conovum","description":"","potentialAction":[{"@type":"SearchAction","target":{"@type":"EntryPoint","urlTemplate":"https:\/\/conovum.de\/en\/?s={search_term_string}"},"query-input":{"@type":"PropertyValueSpecification","valueRequired":true,"valueName":"search_term_string"}}],"inLanguage":"en-US"}]}},"_links":{"self":[{"href":"https:\/\/conovum.de\/en\/wp-json\/wp\/v2\/pages\/199","targetHints":{"allow":["GET"]}}],"collection":[{"href":"https:\/\/conovum.de\/en\/wp-json\/wp\/v2\/pages"}],"about":[{"href":"https:\/\/conovum.de\/en\/wp-json\/wp\/v2\/types\/page"}],"author":[{"embeddable":true,"href":"https:\/\/conovum.de\/en\/wp-json\/wp\/v2\/users\/1"}],"replies":[{"embeddable":true,"href":"https:\/\/conovum.de\/en\/wp-json\/wp\/v2\/comments?post=199"}],"version-history":[{"count":7,"href":"https:\/\/conovum.de\/en\/wp-json\/wp\/v2\/pages\/199\/revisions"}],"predecessor-version":[{"id":3563,"href":"https:\/\/conovum.de\/en\/wp-json\/wp\/v2\/pages\/199\/revisions\/3563"}],"wp:attachment":[{"href":"https:\/\/conovum.de\/en\/wp-json\/wp\/v2\/media?parent=199"}],"curies":[{"name":"wp","href":"https:\/\/api.w.org\/{rel}","templated":true}]}}