{"id":3477,"date":"2017-02-10T14:28:03","date_gmt":"2017-02-10T13:28:03","guid":{"rendered":"http:\/\/conovum.de\/?page_id=3477"},"modified":"2022-03-31T12:07:00","modified_gmt":"2022-03-31T10:07:00","slug":"kontakt","status":"publish","type":"page","link":"https:\/\/conovum.de\/en\/kontakt\/","title":{"rendered":"Contact"},"content":{"rendered":"<div class=\"wpb-content-wrapper\">[vc_row full_width=&#8221;stretch_row_content&#8221; content_placement=&#8221;middle&#8221; bg_type=&#8221;bg_color&#8221; seperator_enable=&#8221;seperator_enable_value&#8221; seperator_type=&#8221;xlarge_triangle_seperator&#8221; seperator_position=&#8221;bottom_seperator&#8221; seperator_svg_height=&#8221;60&#8243; seperator_shape_background=&#8221;#e3e3e3&#8243; bg_color_value=&#8221;#ffffff&#8221; css=&#8221;.vc_custom_1487600199093{margin-top: -100px !important;}&#8221;][vc_column width=&#8221;1\/2&#8243;]<div class=\"ult-spacer spacer-69f0ca05e1001\" data-id=\"69f0ca05e1001\" data-height=\"50\" data-height-mobile=\"30\" data-height-tab=\"20\" data-height-tab-portrait=\"30\" data-height-mobile-landscape=\"20\" style=\"clear:both;display:block;\"><\/div><div id=\"ultimate-heading-977069f0ca05e102b\" class=\"uvc-heading ult-adjust-bottom-margin ultimate-heading-977069f0ca05e102b uvc-973 \" data-hspacer=\"line_only\"  data-halign=\"center\" style=\"text-align:center\"><div class=\"uvc-main-heading ult-responsive\"  data-ultimate-target='.uvc-heading.ultimate-heading-977069f0ca05e102b h2'  data-responsive-json-new='{\"font-size\":\"\",\"line-height\":\"\"}' ><h2 style=\"font-weight:normal;\">Locally yet internationally<\/h2><\/div><div class=\"uvc-heading-spacer line_only\" style=\"topheight:1px;\"><span class=\"uvc-headings-line\" style=\"border-style:solid;border-bottom-width:1px;border-color:#0f3c10;width:autopx;\"><\/span><\/div><\/div><div class=\"ult-spacer spacer-69f0ca05e1043\" data-id=\"69f0ca05e1043\" data-height=\"50\" data-height-mobile=\"50\" data-height-tab=\"50\" data-height-tab-portrait=\"\" data-height-mobile-landscape=\"\" style=\"clear:both;display:block;\"><\/div>[vc_column_text]Our offices are located in Munich and Rosenheim. From here, we don\u2019t just carry out projects in Germany and the entire DACH area but also attend to our customers worldwide.[\/vc_column_text]<div class=\"ult-spacer spacer-69f0ca05e104c\" data-id=\"69f0ca05e104c\" data-height=\"80\" data-height-mobile=\"20\" data-height-tab=\"20\" data-height-tab-portrait=\"20\" data-height-mobile-landscape=\"20\" style=\"clear:both;display:block;\"><\/div>[\/vc_column][vc_column width=&#8221;1\/2&#8243; offset=&#8221;vc_hidden-sm vc_hidden-xs&#8221;]<div class=\"ult-spacer spacer-69f0ca05e1053\" data-id=\"69f0ca05e1053\" data-height=\"50\" data-height-mobile=\"10\" data-height-tab=\"10\" data-height-tab-portrait=\"10\" data-height-mobile-landscape=\"10\" style=\"clear:both;display:block;\"><\/div>[vc_images_carousel images=&#8221;3516,3524&#8243; img_size=&#8221;full&#8221; onclick=&#8221;link_no&#8221; autoplay=&#8221;yes&#8221; hide_pagination_control=&#8221;yes&#8221; hide_prev_next_buttons=&#8221;yes&#8221; wrap=&#8221;yes&#8221;]<div class=\"ult-spacer spacer-69f0ca05e1058\" data-id=\"69f0ca05e1058\" data-height=\"50\" data-height-mobile=\"50\" data-height-tab=\"50\" data-height-tab-portrait=\"\" data-height-mobile-landscape=\"\" style=\"clear:both;display:block;\"><\/div>[\/vc_column][\/vc_row][vc_row full_width=&#8221;stretch_row_content&#8221; bg_type=&#8221;grad&#8221; bg_override=&#8221;ex-full&#8221; bg_grad=&#8221;background: -webkit-gradient(linear, left top, left bottom, color-stop(0%, #E3E3E3), color-stop(100%, #FFFFFF));background: -moz-linear-gradient(top,#E3E3E3 0%,#FFFFFF 100%);background: -webkit-linear-gradient(top,#E3E3E3 0%,#FFFFFF 100%);background: -o-linear-gradient(top,#E3E3E3 0%,#FFFFFF 100%);background: -ms-linear-gradient(top,#E3E3E3 0%,#FFFFFF 100%);background: linear-gradient(top,#E3E3E3 0%,#FFFFFF 100%);&#8221;][vc_column offset=&#8221;vc_col-lg-offset-2 vc_col-lg-4&#8243;]<div class=\"ult-spacer spacer-69f0ca05e105e\" data-id=\"69f0ca05e105e\" data-height=\"50\" data-height-mobile=\"10\" data-height-tab=\"10\" data-height-tab-portrait=\"10\" data-height-mobile-landscape=\"10\" style=\"clear:both;display:block;\"><\/div><div id=\"ultimate-heading-849569f0ca05e106b\" class=\"uvc-heading ult-adjust-bottom-margin ultimate-heading-849569f0ca05e106b uvc-8339 \" data-hspacer=\"line_only\"  data-halign=\"center\" style=\"text-align:center\"><div class=\"uvc-main-heading ult-responsive\"  data-ultimate-target='.uvc-heading.ultimate-heading-849569f0ca05e106b h2'  data-responsive-json-new='{\"font-size\":\"\",\"line-height\":\"\"}' ><h2 style=\"font-weight:normal;\">Office Munich<\/h2><\/div><div class=\"uvc-heading-spacer line_only\" style=\"topheight:1px;\"><span class=\"uvc-headings-line\" style=\"border-style:solid;border-bottom-width:1px;border-color:#0f3c10;width:autopx;\"><\/span><\/div><\/div><div class=\"ult-spacer spacer-69f0ca05e1076\" data-id=\"69f0ca05e1076\" data-height=\"20\" data-height-mobile=\"10\" data-height-tab=\"10\" data-height-tab-portrait=\"10\" data-height-mobile-landscape=\"10\" style=\"clear:both;display:block;\"><\/div>[vc_column_text]Nymphenburger Stra\u00dfe 13<br \/>\n80335 M\u00fcnchen<br \/>\nGermany<br \/>\nPhone: +49 89 51266290<br \/>\nE-Mail: <a href=\"mailto:info@conovum.de\">info@conovum.de<\/a>[\/vc_column_text][\/vc_column][vc_column offset=&#8221;vc_col-lg-4&#8243;]<div class=\"ult-spacer spacer-69f0ca05e107b\" data-id=\"69f0ca05e107b\" data-height=\"50\" data-height-mobile=\"10\" data-height-tab=\"10\" data-height-tab-portrait=\"10\" data-height-mobile-landscape=\"10\" style=\"clear:both;display:block;\"><\/div><div id=\"ultimate-heading-358269f0ca05e1086\" class=\"uvc-heading ult-adjust-bottom-margin ultimate-heading-358269f0ca05e1086 uvc-4481 \" data-hspacer=\"line_only\"  data-halign=\"center\" style=\"text-align:center\"><div class=\"uvc-main-heading ult-responsive\"  data-ultimate-target='.uvc-heading.ultimate-heading-358269f0ca05e1086 h2'  data-responsive-json-new='{\"font-size\":\"\",\"line-height\":\"\"}' ><h2 style=\"font-weight:normal;\">Office Rosenheim<\/h2><\/div><div class=\"uvc-heading-spacer line_only\" style=\"topheight:1px;\"><span class=\"uvc-headings-line\" style=\"border-style:solid;border-bottom-width:1px;border-color:#0f3c10;width:autopx;\"><\/span><\/div><\/div><div class=\"ult-spacer spacer-69f0ca05e108f\" data-id=\"69f0ca05e108f\" data-height=\"20\" data-height-mobile=\"10\" data-height-tab=\"10\" data-height-tab-portrait=\"10\" data-height-mobile-landscape=\"10\" style=\"clear:both;display:block;\"><\/div>[vc_column_text]Sonnenstra\u00dfe 3<br \/>\n83022 Rosenheim<br \/>\nGermany<br \/>\nPhone: +49 8031 901720<br \/>\nE-Mail: <a href=\"mailto:info@conovum.de\">info@conovum.de<\/a>[\/vc_column_text][\/vc_column][\/vc_row]\n<\/div>","protected":false},"excerpt":{"rendered":"<p>[vc_row full_width=&#8221;stretch_row_content&#8221; content_placement=&#8221;middle&#8221; bg_type=&#8221;bg_color&#8221; seperator_enable=&#8221;seperator_enable_value&#8221; seperator_type=&#8221;xlarge_triangle_seperator&#8221; seperator_position=&#8221;bottom_seperator&#8221; seperator_svg_height=&#8221;60&#8243; seperator_shape_background=&#8221;#e3e3e3&#8243; bg_color_value=&#8221;#ffffff&#8221; css=&#8221;.vc_custom_1487600199093{margin-top: -100px !important;}&#8221;][vc_column width=&#8221;1\/2&#8243;][vc_column_text]Our offices are located in Munich and Rosenheim. From here, we don\u2019t just carry out projects in Germany and the entire DACH area but also attend to our customers worldwide.[\/vc_column_text][\/vc_column][vc_column width=&#8221;1\/2&#8243; offset=&#8221;vc_hidden-sm vc_hidden-xs&#8221;][vc_images_carousel images=&#8221;3516,3524&#8243; img_size=&#8221;full&#8221; onclick=&#8221;link_no&#8221; autoplay=&#8221;yes&#8221; hide_pagination_control=&#8221;yes&#8221; hide_prev_next_buttons=&#8221;yes&#8221; wrap=&#8221;yes&#8221;][\/vc_column][\/vc_row][vc_row full_width=&#8221;stretch_row_content&#8221; bg_type=&#8221;grad&#8221; bg_override=&#8221;ex-full&#8221; bg_grad=&#8221;background: -webkit-gradient(linear, left top, left bottom, color-stop(0%, #E3E3E3), color-stop(100%, #FFFFFF));background: -moz-linear-gradient(top,#E3E3E3 0%,#FFFFFF 100%);background: -webkit-linear-gradient(top,#E3E3E3 0%,#FFFFFF 100%);background: -o-linear-gradient(top,#E3E3E3 0%,#FFFFFF 100%);background: -ms-linear-gradient(top,#E3E3E3 0%,#FFFFFF 100%);background: linear-gradient(top,#E3E3E3 0%,#FFFFFF 100%);&#8221;][vc_column offset=&#8221;vc_col-lg-offset-2 vc_col-lg-4&#8243;][vc_column_text]Nymphenburger Stra\u00dfe 13 80335 M\u00fcnchen Germany Phone: +49 89 51266290 E-Mail: info@conovum.de[\/vc_column_text][\/vc_column][vc_column offset=&#8221;vc_col-lg-4&#8243;][vc_column_text]Sonnenstra\u00dfe 3 83022 Rosenheim Germany Phone: +49 8031 901720 E-Mail: info@conovum.de[\/vc_column_text][\/vc_column][\/vc_row]<\/p>\n","protected":false},"author":1,"featured_media":0,"parent":0,"menu_order":0,"comment_status":"closed","ping_status":"closed","template":"","meta":{"footnotes":""},"class_list":["post-3477","page","type-page","status-publish","hentry"],"yoast_head":"<!-- This site is optimized with the Yoast SEO plugin v27.5 - https:\/\/yoast.com\/product\/yoast-seo-wordpress\/ -->\n<title>Kontakt - conovum: Wir stehen f\u00fcr Ihre Fragen gerne zur Verf\u00fcgung<\/title>\n<meta name=\"description\" content=\"Erfahren Sie mehr \u00fcber unsere Standorte und treten Sie bei Fragen gerne mit uns in Kontakt.\" \/>\n<meta name=\"robots\" content=\"index, follow, max-snippet:-1, max-image-preview:large, max-video-preview:-1\" \/>\n<link rel=\"canonical\" href=\"https:\/\/conovum.de\/en\/kontakt\/\" \/>\n<meta property=\"og:locale\" content=\"en_US\" \/>\n<meta property=\"og:type\" content=\"article\" \/>\n<meta property=\"og:title\" content=\"Kontakt - conovum: Wir stehen f\u00fcr Ihre Fragen gerne zur Verf\u00fcgung\" \/>\n<meta property=\"og:description\" content=\"Erfahren Sie mehr \u00fcber unsere Standorte und treten Sie bei Fragen gerne mit uns in Kontakt.\" \/>\n<meta property=\"og:url\" content=\"https:\/\/conovum.de\/en\/kontakt\/\" \/>\n<meta property=\"og:site_name\" content=\"conovum\" \/>\n<meta property=\"article:modified_time\" content=\"2022-03-31T10:07:00+00:00\" \/>\n<meta name=\"twitter:card\" content=\"summary_large_image\" \/>\n<meta name=\"twitter:label1\" content=\"Est. reading time\" \/>\n\t<meta name=\"twitter:data1\" content=\"1 minute\" \/>\n<script type=\"application\/ld+json\" class=\"yoast-schema-graph\">{\"@context\":\"https:\\\/\\\/schema.org\",\"@graph\":[{\"@type\":\"WebPage\",\"@id\":\"https:\\\/\\\/conovum.de\\\/en\\\/kontakt\\\/\",\"url\":\"https:\\\/\\\/conovum.de\\\/en\\\/kontakt\\\/\",\"name\":\"Kontakt - conovum: Wir stehen f\u00fcr Ihre Fragen gerne zur Verf\u00fcgung\",\"isPartOf\":{\"@id\":\"https:\\\/\\\/conovum.de\\\/en\\\/#website\"},\"datePublished\":\"2017-02-10T13:28:03+00:00\",\"dateModified\":\"2022-03-31T10:07:00+00:00\",\"description\":\"Erfahren Sie mehr \u00fcber unsere Standorte und treten Sie bei Fragen gerne mit uns in Kontakt.\",\"breadcrumb\":{\"@id\":\"https:\\\/\\\/conovum.de\\\/en\\\/kontakt\\\/#breadcrumb\"},\"inLanguage\":\"en-US\",\"potentialAction\":[{\"@type\":\"ReadAction\",\"target\":[[\"https:\\\/\\\/conovum.de\\\/en\\\/kontakt\\\/\"]]}]},{\"@type\":\"BreadcrumbList\",\"@id\":\"https:\\\/\\\/conovum.de\\\/en\\\/kontakt\\\/#breadcrumb\",\"itemListElement\":[{\"@type\":\"ListItem\",\"position\":1,\"name\":\"Startseite\",\"item\":\"https:\\\/\\\/conovum.de\\\/en\\\/\"},{\"@type\":\"ListItem\",\"position\":2,\"name\":\"Kontakt\"}]},{\"@type\":\"WebSite\",\"@id\":\"https:\\\/\\\/conovum.de\\\/en\\\/#website\",\"url\":\"https:\\\/\\\/conovum.de\\\/en\\\/\",\"name\":\"conovum\",\"description\":\"\",\"potentialAction\":[{\"@type\":\"SearchAction\",\"target\":{\"@type\":\"EntryPoint\",\"urlTemplate\":\"https:\\\/\\\/conovum.de\\\/en\\\/?s={search_term_string}\"},\"query-input\":{\"@type\":\"PropertyValueSpecification\",\"valueRequired\":true,\"valueName\":\"search_term_string\"}}],\"inLanguage\":\"en-US\"}]}<\/script>\n<!-- \/ Yoast SEO plugin. -->","yoast_head_json":{"title":"Kontakt - conovum: Wir stehen f\u00fcr Ihre Fragen gerne zur Verf\u00fcgung","description":"Erfahren Sie mehr \u00fcber unsere Standorte und treten Sie bei Fragen gerne mit uns in Kontakt.","robots":{"index":"index","follow":"follow","max-snippet":"max-snippet:-1","max-image-preview":"max-image-preview:large","max-video-preview":"max-video-preview:-1"},"canonical":"https:\/\/conovum.de\/en\/kontakt\/","og_locale":"en_US","og_type":"article","og_title":"Kontakt - conovum: Wir stehen f\u00fcr Ihre Fragen gerne zur Verf\u00fcgung","og_description":"Erfahren Sie mehr \u00fcber unsere Standorte und treten Sie bei Fragen gerne mit uns in Kontakt.","og_url":"https:\/\/conovum.de\/en\/kontakt\/","og_site_name":"conovum","article_modified_time":"2022-03-31T10:07:00+00:00","twitter_card":"summary_large_image","twitter_misc":{"Est. reading time":"1 minute"},"schema":{"@context":"https:\/\/schema.org","@graph":[{"@type":"WebPage","@id":"https:\/\/conovum.de\/en\/kontakt\/","url":"https:\/\/conovum.de\/en\/kontakt\/","name":"Kontakt - conovum: Wir stehen f\u00fcr Ihre Fragen gerne zur Verf\u00fcgung","isPartOf":{"@id":"https:\/\/conovum.de\/en\/#website"},"datePublished":"2017-02-10T13:28:03+00:00","dateModified":"2022-03-31T10:07:00+00:00","description":"Erfahren Sie mehr \u00fcber unsere Standorte und treten Sie bei Fragen gerne mit uns in Kontakt.","breadcrumb":{"@id":"https:\/\/conovum.de\/en\/kontakt\/#breadcrumb"},"inLanguage":"en-US","potentialAction":[{"@type":"ReadAction","target":[["https:\/\/conovum.de\/en\/kontakt\/"]]}]},{"@type":"BreadcrumbList","@id":"https:\/\/conovum.de\/en\/kontakt\/#breadcrumb","itemListElement":[{"@type":"ListItem","position":1,"name":"Startseite","item":"https:\/\/conovum.de\/en\/"},{"@type":"ListItem","position":2,"name":"Kontakt"}]},{"@type":"WebSite","@id":"https:\/\/conovum.de\/en\/#website","url":"https:\/\/conovum.de\/en\/","name":"conovum","description":"","potentialAction":[{"@type":"SearchAction","target":{"@type":"EntryPoint","urlTemplate":"https:\/\/conovum.de\/en\/?s={search_term_string}"},"query-input":{"@type":"PropertyValueSpecification","valueRequired":true,"valueName":"search_term_string"}}],"inLanguage":"en-US"}]}},"_links":{"self":[{"href":"https:\/\/conovum.de\/en\/wp-json\/wp\/v2\/pages\/3477","targetHints":{"allow":["GET"]}}],"collection":[{"href":"https:\/\/conovum.de\/en\/wp-json\/wp\/v2\/pages"}],"about":[{"href":"https:\/\/conovum.de\/en\/wp-json\/wp\/v2\/types\/page"}],"author":[{"embeddable":true,"href":"https:\/\/conovum.de\/en\/wp-json\/wp\/v2\/users\/1"}],"replies":[{"embeddable":true,"href":"https:\/\/conovum.de\/en\/wp-json\/wp\/v2\/comments?post=3477"}],"version-history":[{"count":10,"href":"https:\/\/conovum.de\/en\/wp-json\/wp\/v2\/pages\/3477\/revisions"}],"predecessor-version":[{"id":5208,"href":"https:\/\/conovum.de\/en\/wp-json\/wp\/v2\/pages\/3477\/revisions\/5208"}],"wp:attachment":[{"href":"https:\/\/conovum.de\/en\/wp-json\/wp\/v2\/media?parent=3477"}],"curies":[{"name":"wp","href":"https:\/\/api.w.org\/{rel}","templated":true}]}}