{"id":3605,"date":"2017-06-07T13:37:38","date_gmt":"2017-06-07T11:37:38","guid":{"rendered":"http:\/\/conovum.de\/?page_id=3605"},"modified":"2019-10-10T10:54:33","modified_gmt":"2019-10-10T08:54:33","slug":"3-monats-companion","status":"publish","type":"page","link":"https:\/\/conovum.de\/en\/3-monats-companion\/","title":{"rendered":"3-Monats-Companion"},"content":{"rendered":"<div class=\"wpb-content-wrapper\">[vc_row full_width=&#8221;stretch_row_content&#8221; full_height=&#8221;yes&#8221; content_placement=&#8221;middle&#8221; bg_type=&#8221;image&#8221; parallax_style=&#8221;vcpb-default&#8221; bg_image_new=&#8221;id^3615|url^http:\/\/conovum.de\/wp-content\/uploads\/3-Monats-Companion-Header.jpg|caption^null|alt^3-Monats-Companion Business Travel Leistungen|title^3-Monats-Companion Header|description^null&#8221; enable_overlay=&#8221;enable_overlay_value&#8221; overlay_color=&#8221;rgba(0,0,0,0.35)&#8221; overlay_pattern=&#8221;transperant&#8221; css=&#8221;.vc_custom_1496835510406{margin-top: -52px !important;}&#8221;][vc_column][vc_row_inner css=&#8221;.vc_custom_1470740213198{background-color: rgba(255,255,255,0.22) !important;*background-color: rgb(255,255,255) !important;}&#8221;][vc_column_inner][vc_column_text css=&#8221;.vc_custom_1496835676998{padding-top: -50px !important;}&#8221;]\n<h1 style=\"text-align: center;\"><span style=\"color: #000000; font-size: 26pt;\"><span style=\"color: #ffffff;\">3-Monats-<\/span><br \/>\n<span style=\"color: #ffffff;\">Companion<\/span><br \/>\n<\/span><\/h1>\n[\/vc_column_text][\/vc_column_inner][\/vc_row_inner][vc_row_inner][vc_column_inner]<div class=\"ult-just-icon-wrapper  \"><div class=\"align-icon\" style=\"text-align:center;\">\n<a class=\"aio-tooltip 69f228ea11137\" href = \"#3monatsregel\" target='' data-toggle=\"tooltip\" data-placement=\"\" title=\"\"><div class=\"aio-icon circle \"  style=\"color:#ffffff;background:rgba(255,255,255,0.32);font-size:32px;display:inline-block;\">\n\t<i class=\"Defaults-chevron-down\"><\/i>\n<\/div><\/a><\/div><\/div>[\/vc_column_inner][\/vc_row_inner][\/vc_column][\/vc_row][vc_row full_width=&#8221;stretch_row_content&#8221; el_id=&#8221;3monatsregel&#8221;][vc_column offset=&#8221;vc_col-lg-offset-2 vc_col-lg-8 vc_col-xs-12&#8243;][vc_column_text]<span style=\"font-size: 12pt;\">Der 3-Monats-Companion ist ein SAP Standard kompatibles Modul zur Berechnung und Ausweisung aller gesetzlich relevanten Daten und Kosten, die im Rahmen der 3-Monatsregel (\u00a79 Abs. 4a S\u00e4tze 6 und 7 EStG) notwendig sind. Individualvereinbarungen mit dem Finanzamt k\u00f6nnen hiermit auf ihre Sinnhaftigkeit gepr\u00fcft oder Strafzahlungen durch Nachweis verhindert werden.<\/span><\/p>\n<p><span style=\"font-size: 12pt;\">Die Integration erfolgt \u00fcber das BADI-Framework der SAP und Enhancements. So bleiben alle Programme SAP-Standard und zu ihrem Prozess kompatibel.<\/span>[\/vc_column_text][vc_row_inner][vc_column_inner width=&#8221;1\/4&#8243;][vc_single_image image=&#8221;3606&#8243; img_size=&#8221;full&#8221;][\/vc_column_inner][vc_column_inner width=&#8221;3\/4&#8243;][vc_column_text]<span style=\"font-size: 12pt;\">Der 3-Monats-Companion erm\u00f6glicht auf jedem Prozess und f\u00fcr jede Reiserichtlinie ohne Modifkation eine revisionsichere Dreimonatsfristberechnung. Hierzu f\u00fcgt er dem Standard eine eindeutige Zielzuordnung hinzu, die die User-Experience der Gesamtanwendung nicht schm\u00e4lert. Bspw. kann diese \u00fcber die Kontierung der Reiseabschnitte erfolgen. Welche Zuordnung hier n\u00fctzlich ist, ist kundenspezifisch und daher individuell anpassbar.<\/span><\/p>\n<p><span style=\"font-size: 12pt;\">Durch eine rollierende Pr\u00fcfung der Fristen kann neben der Pauschalenoptimierung, auch \u00fcber die Zielorte eine bspw. personenbezogene Ressourcenoptimierung zur Einsatzplanung durchgef\u00fchrt werden. So heben Sie Potentiale zur Einsparung von Reisekosten als Synergieeffekte durch optimierte Ressourcenplanung.<\/span>[\/vc_column_text][\/vc_column_inner][\/vc_row_inner][\/vc_column][\/vc_row][vc_row full_width=&#8221;stretch_row_content&#8221; bg_type=&#8221;grad&#8221; seperator_enable=&#8221;seperator_enable_value&#8221; seperator_type=&#8221;tilt_left_seperator&#8221; bg_grad=&#8221;background: -webkit-gradient(linear, left top, left bottom, color-stop(0%, #E3E3E3), color-stop(100%, #FFFFFF));background: -moz-linear-gradient(top,#E3E3E3 0%,#FFFFFF 100%);background: -webkit-linear-gradient(top,#E3E3E3 0%,#FFFFFF 100%);background: -o-linear-gradient(top,#E3E3E3 0%,#FFFFFF 100%);background: -ms-linear-gradient(top,#E3E3E3 0%,#FFFFFF 100%);background: linear-gradient(top,#E3E3E3 0%,#FFFFFF 100%);&#8221;][vc_column offset=&#8221;vc_col-lg-offset-2 vc_col-lg-8 vc_col-xs-12&#8243;]<div class=\"ult-spacer spacer-69f228ea11162\" data-id=\"69f228ea11162\" data-height=\"80\" data-height-mobile=\"30\" data-height-tab=\"50\" data-height-tab-portrait=\"30\" data-height-mobile-landscape=\"50\" style=\"clear:both;display:block;\"><\/div><div class=\"smile_icon_list_wrap ult-adjust-bottom-margin  \"><ul class=\"smile_icon_list right circle with_bg\"><li class=\"icon_list_item\" style=\" font-size:72px;\"><div class=\"icon_list_icon\" data-animation=\"\" data-animation-delay=\"03\" style=\"font-size:24px;border-width:1px;border-style:none;background:#26a232;color:#006126;border-color:#333333;\"><i class=\"Defaults-check\" ><\/i><\/div><div class=\"icon_description\" id=\"Info-list-wrap-9423\" style=\"font-size:24px;\"><div class=\"icon_description_text ult-responsive\"  data-ultimate-target='#Info-list-wrap-9423 .icon_description_text'  data-responsive-json-new='{\"font-size\":\"desktop:13px;\",\"line-height\":\"desktop:18px;\"}'  style=\"\"><p><span style=\"font-size: 12pt;\"><strong>Gesetzeskonformit\u00e4t erreichen und nachweisen<\/strong><\/span><br \/>\n<span style=\"font-size: 12pt;\">Das Einkommensteuergesetz regelt in \u00a79 auch die Gew\u00e4hrbarkeit von steuerfrei auszahlbaren Pauschalen bei l\u00e4ngerer oder wiederkehrender Ausw\u00e4rtst\u00e4tigkeit an der selben T\u00e4tigkeitsst\u00e4tte. Oft scheitert die Erfassung und Pr\u00fcfung an den technischen M\u00f6glichkeiten aufgrund der Komplexit\u00e4t der Anforderungen. F\u00fcr SAP Systeme gibt es hierf\u00fcr jetzt den 3-Monats-Companion.<\/span><\/p>\n<\/div><\/div><div class=\"icon_list_connector\"  style=\"border-color:#26a232;\"><\/div><\/li><li class=\"icon_list_item\" style=\" font-size:72px;\"><div class=\"icon_list_icon\" data-animation=\"\" data-animation-delay=\"03\" style=\"font-size:24px;border-width:1px;border-style:none;background:#26a232;color:#006126;border-color:#333333;\"><i class=\"Defaults-eye\" ><\/i><\/div><div class=\"icon_description\" id=\"Info-list-wrap-1217\" style=\"font-size:24px;\"><div class=\"icon_description_text ult-responsive\"  data-ultimate-target='#Info-list-wrap-1217 .icon_description_text'  data-responsive-json-new='{\"font-size\":\"desktop:13px;\",\"line-height\":\"desktop:18px;\"}'  style=\"\"><p><span style=\"font-size: 12pt;\"><strong>Systematische Pr\u00fcfung und Optimierung<\/strong><\/span><br \/>\n<span style=\"font-size: 12pt;\">Der 3-Monats-Companion visualisiert kritische Reisen und Reiseziele und erm\u00f6glicht somit die fr\u00fchzeitige Erkennung von zu erwartenden zu versteuernden Pauschalbetr\u00e4gen. Hierbei haben Sie jederzeit den \u00dcberblick \u00fcber bereits gezahlte Steuerfreibetr\u00e4ge \u00fcber die notwendigerweise zu versteuernden Pauschalen und die bereits versteuerten Betr\u00e4ge.<\/span><\/p>\n<\/div><\/div><div class=\"icon_list_connector\"  style=\"border-color:#26a232;\"><\/div><\/li><li class=\"icon_list_item\" style=\" font-size:72px;\"><div class=\"icon_list_icon\" data-animation=\"\" data-animation-delay=\"03\" style=\"font-size:24px;border-width:1px;border-style:none;background:#26a232;color:#006126;border-color:#333333;\"><i class=\"Defaults-edit pencil-square-o\" ><\/i><\/div><div class=\"icon_description\" id=\"Info-list-wrap-3040\" style=\"font-size:24px;\"><div class=\"icon_description_text ult-responsive\"  data-ultimate-target='#Info-list-wrap-3040 .icon_description_text'  data-responsive-json-new='{\"font-size\":\"desktop:13px;\",\"line-height\":\"desktop:18px;\"}'  style=\"\"><p><span style=\"font-size: 12pt;\"><strong>Automatische Korrektur<\/strong><\/span><br \/>\n<span style=\"font-size: 12pt;\">Neben der manuellen nachtr\u00e4glichen \u00c4nderung der Reisen aus dem Companion heraus, ist es auch m\u00f6glich das Versteuerungsverhalten auf automatisch zu \u00e4ndern. Etwaig zu Unrecht erhaltene steuerfrei Betr\u00e4ge werden hierbei neu kalkuliert und nach Richtlinie des Unternehmens automatisch durch Neuabrechnung der Reisen korrigiert. Noch nicht abgerechnete Reisen werden bei ge\u00e4ndertem Versteuerungsverhalten korrekt berechnet und auf den Formularen ausgewiesen.<\/span><\/p>\n<\/div><\/div><div class=\"icon_list_connector\"  style=\"border-color:#26a232;\"><\/div><\/li><li class=\"icon_list_item\" style=\" font-size:72px;\"><div class=\"icon_list_icon\" data-animation=\"\" data-animation-delay=\"03\" style=\"font-size:24px;border-width:1px;border-style:none;background:#26a232;color:#006126;border-color:#333333;\"><i class=\"Defaults-eur euro\" ><\/i><\/div><div class=\"icon_description\" id=\"Info-list-wrap-1891\" style=\"font-size:24px;\"><div class=\"icon_description_text ult-responsive\"  data-ultimate-target='#Info-list-wrap-1891 .icon_description_text'  data-responsive-json-new='{\"font-size\":\"desktop:13px;\",\"line-height\":\"desktop:18px;\"}'  style=\"\"><p><span style=\"font-size: 12pt;\"><strong>Kompensation<\/strong><\/span><br \/>\n<span style=\"font-size: 12pt;\">Das System erm\u00f6glicht es den Mitarbeitern einen zus\u00e4tzlichen Kompensationsbetrag zu gew\u00e4hren, um die entstandene Steuerlast auszugleichen. Auch dieser Betrag wird entsprechend korrekt ausgewiesen und versteuert.<\/span><\/p>\n<\/div><\/div><div class=\"icon_list_connector\"  style=\"border-color:#26a232;\"><\/div><\/li><li class=\"icon_list_item\" style=\" font-size:72px;\"><div class=\"icon_list_icon\" data-animation=\"\" data-animation-delay=\"03\" style=\"font-size:24px;border-width:1px;border-style:none;background:#26a232;color:#006126;border-color:#333333;\"><i class=\"Defaults-cogs gears\" ><\/i><\/div><div class=\"icon_description\" id=\"Info-list-wrap-2643\" style=\"font-size:24px;\"><div class=\"icon_description_text ult-responsive\"  data-ultimate-target='#Info-list-wrap-2643 .icon_description_text'  data-responsive-json-new='{\"font-size\":\"desktop:13px;\",\"line-height\":\"desktop:18px;\"}'  style=\"\"><p><span style=\"font-size: 12pt;\"><strong>Kompatibilit\u00e4t<\/strong><\/span><br \/>\n<span style=\"font-size: 12pt;\">Das System ist zu jeder auf dem SAP Standard aufsetzenden Reisekostenl\u00f6sung kompatibel. Insbesondere f\u00fcr die conovum-eigenen Produkte k\u00f6nnen dar\u00fcber hinaus zus\u00e4tzliche Features angeboten werden. Sprechen Sie uns einfach darauf an.<\/span><\/p>\n<\/div><\/div><div class=\"icon_list_connector\"  style=\"border-color:#26a232;\"><\/div><\/li><\/ul><\/div>[\/vc_column][\/vc_row]\n<\/div>","protected":false},"excerpt":{"rendered":"<p>[vc_row full_width=&#8221;stretch_row_content&#8221; full_height=&#8221;yes&#8221; content_placement=&#8221;middle&#8221; bg_type=&#8221;image&#8221; parallax_style=&#8221;vcpb-default&#8221; bg_image_new=&#8221;id^3615|url^http:\/\/conovum.de\/wp-content\/uploads\/3-Monats-Companion-Header.jpg|caption^null|alt^3-Monats-Companion Business Travel Leistungen|title^3-Monats-Companion Header|description^null&#8221; enable_overlay=&#8221;enable_overlay_value&#8221; overlay_color=&#8221;rgba(0,0,0,0.35)&#8221; overlay_pattern=&#8221;transperant&#8221; css=&#8221;.vc_custom_1496835510406{margin-top: -52px !important;}&#8221;][vc_column][vc_row_inner css=&#8221;.vc_custom_1470740213198{background-color: rgba(255,255,255,0.22) !important;*background-color: rgb(255,255,255) !important;}&#8221;][vc_column_inner][vc_column_text css=&#8221;.vc_custom_1496835676998{padding-top: -50px !important;}&#8221;] 3-Monats- Companion [\/vc_column_text][\/vc_column_inner][\/vc_row_inner][vc_row_inner][vc_column_inner][\/vc_column_inner][\/vc_row_inner][\/vc_column][\/vc_row][vc_row full_width=&#8221;stretch_row_content&#8221; el_id=&#8221;3monatsregel&#8221;][vc_column offset=&#8221;vc_col-lg-offset-2 vc_col-lg-8 vc_col-xs-12&#8243;][vc_column_text]Der 3-Monats-Companion ist ein SAP Standard kompatibles Modul zur Berechnung und Ausweisung aller gesetzlich relevanten Daten und Kosten, die im Rahmen der 3-Monatsregel (\u00a79 Abs. 4a S\u00e4tze 6 und 7 EStG) notwendig sind. Individualvereinbarungen mit dem Finanzamt k\u00f6nnen hiermit auf ihre Sinnhaftigkeit gepr\u00fcft oder Strafzahlungen durch Nachweis verhindert werden. Die Integration erfolgt \u00fcber das BADI-Framework der SAP und Enhancements. So bleiben alle Programme SAP-Standard und zu ihrem Prozess kompatibel.[\/vc_column_text][vc_row_inner][vc_column_inner width=&#8221;1\/4&#8243;][vc_single_image image=&#8221;3606&#8243; img_size=&#8221;full&#8221;][\/vc_column_inner][vc_column_inner width=&#8221;3\/4&#8243;][vc_column_text]Der 3-Monats-Companion erm\u00f6glicht auf jedem Prozess und f\u00fcr jede Reiserichtlinie ohne Modifkation eine revisionsichere Dreimonatsfristberechnung. Hierzu f\u00fcgt er dem Standard eine eindeutige Zielzuordnung hinzu, die die User-Experience der Gesamtanwendung nicht schm\u00e4lert. Bspw. kann diese \u00fcber die Kontierung der Reiseabschnitte erfolgen. Welche Zuordnung hier n\u00fctzlich ist, ist kundenspezifisch und daher individuell anpassbar. Durch eine rollierende Pr\u00fcfung der Fristen kann neben der Pauschalenoptimierung, auch \u00fcber die Zielorte eine bspw. personenbezogene Ressourcenoptimierung zur Einsatzplanung durchgef\u00fchrt werden. So heben Sie Potentiale zur Einsparung von Reisekosten als Synergieeffekte durch optimierte Ressourcenplanung.[\/vc_column_text][\/vc_column_inner][\/vc_row_inner][\/vc_column][\/vc_row][vc_row full_width=&#8221;stretch_row_content&#8221; bg_type=&#8221;grad&#8221; seperator_enable=&#8221;seperator_enable_value&#8221; seperator_type=&#8221;tilt_left_seperator&#8221; bg_grad=&#8221;background: -webkit-gradient(linear, left top, left bottom, color-stop(0%, #E3E3E3), color-stop(100%, #FFFFFF));background: -moz-linear-gradient(top,#E3E3E3 0%,#FFFFFF 100%);background: -webkit-linear-gradient(top,#E3E3E3 0%,#FFFFFF 100%);background: -o-linear-gradient(top,#E3E3E3 0%,#FFFFFF 100%);background: -ms-linear-gradient(top,#E3E3E3 0%,#FFFFFF 100%);background: linear-gradient(top,#E3E3E3 0%,#FFFFFF 100%);&#8221;][vc_column offset=&#8221;vc_col-lg-offset-2 vc_col-lg-8 vc_col-xs-12&#8243;][\/vc_column][\/vc_row]<\/p>\n","protected":false},"author":1,"featured_media":0,"parent":0,"menu_order":0,"comment_status":"closed","ping_status":"closed","template":"","meta":{"footnotes":""},"class_list":["post-3605","page","type-page","status-publish","hentry"],"yoast_head":"<!-- This site is optimized with the Yoast SEO plugin v27.5 - https:\/\/yoast.com\/product\/yoast-seo-wordpress\/ -->\n<title>3-Monats-Companion - conovum: Beratung zur Dreimonatsregel<\/title>\n<meta name=\"description\" content=\"Der 3-Monats-Companion ist ein Modul zur Berechnung und Ausweisung aller gesetzlich relevanten Daten und Kosten die iRd Dreimonatsregel notwendig sind.\" \/>\n<meta name=\"robots\" content=\"index, follow, max-snippet:-1, max-image-preview:large, max-video-preview:-1\" \/>\n<link rel=\"canonical\" href=\"https:\/\/conovum.de\/en\/3-monats-companion\/\" \/>\n<meta property=\"og:locale\" content=\"en_US\" \/>\n<meta property=\"og:type\" content=\"article\" \/>\n<meta property=\"og:title\" content=\"3-Monats-Companion - conovum: Beratung zur Dreimonatsregel\" \/>\n<meta property=\"og:description\" content=\"Der 3-Monats-Companion ist ein Modul zur Berechnung und Ausweisung aller gesetzlich relevanten Daten und Kosten die iRd Dreimonatsregel notwendig sind.\" \/>\n<meta property=\"og:url\" content=\"https:\/\/conovum.de\/en\/3-monats-companion\/\" \/>\n<meta property=\"og:site_name\" content=\"conovum\" \/>\n<meta property=\"article:modified_time\" content=\"2019-10-10T08:54:33+00:00\" \/>\n<meta name=\"twitter:card\" content=\"summary_large_image\" \/>\n<meta name=\"twitter:label1\" content=\"Est. reading time\" \/>\n\t<meta name=\"twitter:data1\" content=\"4 minutes\" \/>\n<script type=\"application\/ld+json\" class=\"yoast-schema-graph\">{\"@context\":\"https:\\\/\\\/schema.org\",\"@graph\":[{\"@type\":\"WebPage\",\"@id\":\"https:\\\/\\\/conovum.de\\\/en\\\/3-monats-companion\\\/\",\"url\":\"https:\\\/\\\/conovum.de\\\/en\\\/3-monats-companion\\\/\",\"name\":\"3-Monats-Companion - conovum: Beratung zur Dreimonatsregel\",\"isPartOf\":{\"@id\":\"https:\\\/\\\/conovum.de\\\/en\\\/#website\"},\"datePublished\":\"2017-06-07T11:37:38+00:00\",\"dateModified\":\"2019-10-10T08:54:33+00:00\",\"description\":\"Der 3-Monats-Companion ist ein Modul zur Berechnung und Ausweisung aller gesetzlich relevanten Daten und Kosten die iRd Dreimonatsregel notwendig sind.\",\"breadcrumb\":{\"@id\":\"https:\\\/\\\/conovum.de\\\/en\\\/3-monats-companion\\\/#breadcrumb\"},\"inLanguage\":\"en-US\",\"potentialAction\":[{\"@type\":\"ReadAction\",\"target\":[[\"https:\\\/\\\/conovum.de\\\/en\\\/3-monats-companion\\\/\"]]}]},{\"@type\":\"BreadcrumbList\",\"@id\":\"https:\\\/\\\/conovum.de\\\/en\\\/3-monats-companion\\\/#breadcrumb\",\"itemListElement\":[{\"@type\":\"ListItem\",\"position\":1,\"name\":\"Startseite\",\"item\":\"https:\\\/\\\/conovum.de\\\/en\\\/\"},{\"@type\":\"ListItem\",\"position\":2,\"name\":\"3-Monats-Companion\"}]},{\"@type\":\"WebSite\",\"@id\":\"https:\\\/\\\/conovum.de\\\/en\\\/#website\",\"url\":\"https:\\\/\\\/conovum.de\\\/en\\\/\",\"name\":\"conovum\",\"description\":\"\",\"potentialAction\":[{\"@type\":\"SearchAction\",\"target\":{\"@type\":\"EntryPoint\",\"urlTemplate\":\"https:\\\/\\\/conovum.de\\\/en\\\/?s={search_term_string}\"},\"query-input\":{\"@type\":\"PropertyValueSpecification\",\"valueRequired\":true,\"valueName\":\"search_term_string\"}}],\"inLanguage\":\"en-US\"}]}<\/script>\n<!-- \/ Yoast SEO plugin. -->","yoast_head_json":{"title":"3-Monats-Companion - conovum: Beratung zur Dreimonatsregel","description":"Der 3-Monats-Companion ist ein Modul zur Berechnung und Ausweisung aller gesetzlich relevanten Daten und Kosten die iRd Dreimonatsregel notwendig sind.","robots":{"index":"index","follow":"follow","max-snippet":"max-snippet:-1","max-image-preview":"max-image-preview:large","max-video-preview":"max-video-preview:-1"},"canonical":"https:\/\/conovum.de\/en\/3-monats-companion\/","og_locale":"en_US","og_type":"article","og_title":"3-Monats-Companion - conovum: Beratung zur Dreimonatsregel","og_description":"Der 3-Monats-Companion ist ein Modul zur Berechnung und Ausweisung aller gesetzlich relevanten Daten und Kosten die iRd Dreimonatsregel notwendig sind.","og_url":"https:\/\/conovum.de\/en\/3-monats-companion\/","og_site_name":"conovum","article_modified_time":"2019-10-10T08:54:33+00:00","twitter_card":"summary_large_image","twitter_misc":{"Est. reading time":"4 minutes"},"schema":{"@context":"https:\/\/schema.org","@graph":[{"@type":"WebPage","@id":"https:\/\/conovum.de\/en\/3-monats-companion\/","url":"https:\/\/conovum.de\/en\/3-monats-companion\/","name":"3-Monats-Companion - conovum: Beratung zur Dreimonatsregel","isPartOf":{"@id":"https:\/\/conovum.de\/en\/#website"},"datePublished":"2017-06-07T11:37:38+00:00","dateModified":"2019-10-10T08:54:33+00:00","description":"Der 3-Monats-Companion ist ein Modul zur Berechnung und Ausweisung aller gesetzlich relevanten Daten und Kosten die iRd Dreimonatsregel notwendig sind.","breadcrumb":{"@id":"https:\/\/conovum.de\/en\/3-monats-companion\/#breadcrumb"},"inLanguage":"en-US","potentialAction":[{"@type":"ReadAction","target":[["https:\/\/conovum.de\/en\/3-monats-companion\/"]]}]},{"@type":"BreadcrumbList","@id":"https:\/\/conovum.de\/en\/3-monats-companion\/#breadcrumb","itemListElement":[{"@type":"ListItem","position":1,"name":"Startseite","item":"https:\/\/conovum.de\/en\/"},{"@type":"ListItem","position":2,"name":"3-Monats-Companion"}]},{"@type":"WebSite","@id":"https:\/\/conovum.de\/en\/#website","url":"https:\/\/conovum.de\/en\/","name":"conovum","description":"","potentialAction":[{"@type":"SearchAction","target":{"@type":"EntryPoint","urlTemplate":"https:\/\/conovum.de\/en\/?s={search_term_string}"},"query-input":{"@type":"PropertyValueSpecification","valueRequired":true,"valueName":"search_term_string"}}],"inLanguage":"en-US"}]}},"_links":{"self":[{"href":"https:\/\/conovum.de\/en\/wp-json\/wp\/v2\/pages\/3605","targetHints":{"allow":["GET"]}}],"collection":[{"href":"https:\/\/conovum.de\/en\/wp-json\/wp\/v2\/pages"}],"about":[{"href":"https:\/\/conovum.de\/en\/wp-json\/wp\/v2\/types\/page"}],"author":[{"embeddable":true,"href":"https:\/\/conovum.de\/en\/wp-json\/wp\/v2\/users\/1"}],"replies":[{"embeddable":true,"href":"https:\/\/conovum.de\/en\/wp-json\/wp\/v2\/comments?post=3605"}],"version-history":[{"count":10,"href":"https:\/\/conovum.de\/en\/wp-json\/wp\/v2\/pages\/3605\/revisions"}],"predecessor-version":[{"id":4753,"href":"https:\/\/conovum.de\/en\/wp-json\/wp\/v2\/pages\/3605\/revisions\/4753"}],"wp:attachment":[{"href":"https:\/\/conovum.de\/en\/wp-json\/wp\/v2\/media?parent=3605"}],"curies":[{"name":"wp","href":"https:\/\/api.w.org\/{rel}","templated":true}]}}