{"id":4089,"date":"2017-10-25T14:34:39","date_gmt":"2017-10-25T12:34:39","guid":{"rendered":"http:\/\/conovum.de\/?page_id=4089"},"modified":"2023-04-17T15:19:57","modified_gmt":"2023-04-17T13:19:57","slug":"co2companion","status":"publish","type":"page","link":"https:\/\/conovum.de\/en\/co2companion\/","title":{"rendered":"CO2Companion"},"content":{"rendered":"<div class=\"wpb-content-wrapper\">[vc_row full_width=&#8221;stretch_row_content&#8221; full_height=&#8221;yes&#8221; content_placement=&#8221;middle&#8221; bg_type=&#8221;image&#8221; parallax_style=&#8221;vcpb-default&#8221; bg_image_new=&#8221;id^2696|url^http:\/\/test2.conovum.com\/wp-content\/uploads\/CO2companion-Header.jpg|caption^null|alt^null|title^CO2companion Header|description^null&#8221; enable_overlay=&#8221;enable_overlay_value&#8221; overlay_color=&#8221;rgba(0,0,0,0.26)&#8221; overlay_pattern=&#8221;transperant&#8221; css=&#8221;.vc_custom_1472562284906{margin-top: -52px !important;}&#8221;][vc_column][vc_row_inner css=&#8221;.vc_custom_1469096431807{background-color: rgba(255,255,255,0.35) !important;*background-color: rgb(255,255,255) !important;}&#8221;][vc_column_inner][vc_column_text css=&#8221;.vc_custom_1469096255785{padding-top: -50px !important;}&#8221;]\n<p style=\"text-align: center;\"><span style=\"color: #ffffff;\"><strong><span style=\"font-size: 26pt;\">CO<sub>2<\/sub>Companion<\/span><\/strong><\/span><\/p>\n[\/vc_column_text][\/vc_column_inner][\/vc_row_inner][vc_row_inner][vc_column_inner]<div class=\"ult-just-icon-wrapper  \"><div class=\"align-icon\" style=\"text-align:center;\">\n<a class=\"aio-tooltip 69f3303ef01d9\" href = \"#co2\" target='' data-toggle=\"tooltip\" data-placement=\"\" title=\"\"><div class=\"aio-icon circle \"  style=\"color:#ffffff;background:rgba(255,255,255,0.32);font-size:32px;display:inline-block;\">\n\t<i class=\"Defaults-chevron-down\"><\/i>\n<\/div><\/a><\/div><\/div>[\/vc_column_inner][\/vc_row_inner][\/vc_column][\/vc_row][vc_row full_width=&#8221;stretch_row_content&#8221; content_placement=&#8221;middle&#8221; el_id=&#8221;co2&#8243;][vc_column offset=&#8221;vc_col-lg-offset-2 vc_col-lg-8 vc_col-xs-12&#8243;]<div class=\"ult-spacer spacer-69f3303ef01ff\" data-id=\"69f3303ef01ff\" data-height=\"120\" data-height-mobile=\"10\" data-height-tab=\"10\" data-height-tab-portrait=\"10\" data-height-mobile-landscape=\"10\" style=\"clear:both;display:block;\"><\/div>[vc_column_text]<span style=\"font-size: 12pt;\">For the first time, travel management is using a tool that evaluates the total CO<sub>2<\/sub> emissions of a trip and takes all means of travel (flight, train, bus, taxi, etc.) into account. The CO<sub>2<\/sub>Companion can be used as an instrument of control for the booking of sustainable travel modes and for CO<sub>2<\/sub> compensation within the framework of high-quality climate protection projects.<\/span>[\/vc_column_text][vc_row_inner][vc_column_inner offset=&#8221;vc_hidden-md vc_hidden-sm vc_hidden-xs&#8221;][vc_single_image image=&#8221;4113&#8243; img_size=&#8221;full&#8221; alignment=&#8221;center&#8221;][\/vc_column_inner][\/vc_row_inner]<div class=\"ult-spacer spacer-69f3303ef020b\" data-id=\"69f3303ef020b\" data-height=\"20\" data-height-mobile=\"10\" data-height-tab=\"10\" data-height-tab-portrait=\"10\" data-height-mobile-landscape=\"10\" style=\"clear:both;display:block;\"><\/div>[vc_row_inner][vc_column_inner offset=&#8221;vc_hidden-md vc_hidden-sm vc_hidden-xs&#8221;][vc_single_image image=&#8221;4112&#8243; img_size=&#8221;full&#8221; alignment=&#8221;center&#8221;][\/vc_column_inner][\/vc_row_inner][\/vc_column][\/vc_row][vc_row full_width=&#8221;stretch_row_content&#8221; equal_height=&#8221;yes&#8221; bg_type=&#8221;bg_color&#8221; seperator_enable=&#8221;seperator_enable_value&#8221; seperator_type=&#8221;tilt_left_seperator&#8221; seperator_svg_height=&#8221;60&#8243; seperator_shape_background=&#8221;#ffffff&#8221; css=&#8221;.vc_custom_1470666478546{margin-bottom: -60px !important;border-bottom-width: -60px !important;padding-bottom: -60px !important;}&#8221; bg_color_value=&#8221;rgba(0,0,0,0.06)&#8221;][vc_column offset=&#8221;vc_col-lg-offset-2 vc_col-lg-4&#8243;]<div class=\"ult-spacer spacer-69f3303ef0213\" data-id=\"69f3303ef0213\" data-height=\"80\" data-height-mobile=\"60\" data-height-tab=\"30\" data-height-tab-portrait=\"60\" data-height-mobile-landscape=\"60\" style=\"clear:both;display:block;\"><\/div>[vc_column_text]<span style=\"font-size: 12pt;\">With the CO<sub>2<\/sub>Companion a company can therefore transparently outline the CO<sub>2<\/sub> emissions generated during a business trip and correctly display these in sustainability reports or life cycle assessments.<\/span><\/p>\n<p><span style=\"font-size: 12pt;\">By taking a pioneering role in climate-aware travel management companies create the basis for a sustainable corporate policy and strengthen their competitiveness.<\/span><\/p>\n<p><span style=\"font-size: 12pt;\">It provides a meaningful basis for the sustainable presentation of the company and its business partners.<\/span><\/p>\n<p><span style=\"font-size: 12pt;\">The CO<sub>2<\/sub>Companion provides a comprehensive and highly integrated system solution for all companies that use SAP technology for their travel expenses, allowing for sustainable travel management across the entire process chain of business travel. It is easy to integrate into the existing SAP travel planning and expense reporting.<\/span>[\/vc_column_text][\/vc_column][vc_column offset=&#8221;vc_col-lg-offset-0 vc_col-lg-4&#8243;]<div class=\"ult-spacer spacer-69f3303ef021b\" data-id=\"69f3303ef021b\" data-height=\"80\" data-height-mobile=\"10\" data-height-tab=\"10\" data-height-tab-portrait=\"10\" data-height-mobile-landscape=\"10\" style=\"clear:both;display:block;\"><\/div><div class=\"smile_icon_list_wrap ult-adjust-bottom-margin  \"><ul class=\"smile_icon_list left circle with_bg\"><li class=\"icon_list_item\" style=\" font-size:60px;\"><div class=\"icon_list_icon\" data-animation=\"\" data-animation-delay=\"03\" style=\"font-size:20px;border-width:1px;border-style:none;background:#26a232;color:#006126;border-color:#333333;\"><i class=\"Defaults-check\" ><\/i><\/div><div class=\"icon_description\" id=\"Info-list-wrap-7257\" style=\"font-size:20px;\"><h3 class=\"ult-responsive\"  data-ultimate-target='#Info-list-wrap-7257 h3'  data-responsive-json-new='{\"font-size\":\"desktop:16px;\",\"line-height\":\"desktop:24px;\"}'  style=\"\">CO\u2082-Identification<\/h3><div class=\"icon_description_text ult-responsive\"  data-ultimate-target='#Info-list-wrap-7257 .icon_description_text'  data-responsive-json-new='{\"font-size\":\"desktop:13px;\",\"line-height\":\"desktop:18px;\"}'  style=\"\"><p><span style=\"font-size: 12pt;\">During the travel expense process the exact value of the CO<sub>2<\/sub> emission of each individual trip can already be identified in the web application as well as the SAP backend due to the complete and valid data of the travel expense report, including all means of travel and context data.<\/span><\/p>\n<\/div><\/div><div class=\"icon_list_connector\"  style=\"border-color:#26a232;\"><\/div><\/li><li class=\"icon_list_item\" style=\" font-size:60px;\"><div class=\"icon_list_icon\" data-animation=\"\" data-animation-delay=\"03\" style=\"font-size:20px;border-width:1px;border-style:none;background:#26a232;color:#006126;border-color:#333333;\"><i class=\"Defaults-check\" ><\/i><\/div><div class=\"icon_description\" id=\"Info-list-wrap-8588\" style=\"font-size:20px;\"><h3 class=\"ult-responsive\"  data-ultimate-target='#Info-list-wrap-8588 h3'  data-responsive-json-new='{\"font-size\":\"desktop:16px;\",\"line-height\":\"desktop:24px;\"}'  style=\"\">CO\u2082-Reporting<\/h3><div class=\"icon_description_text ult-responsive\"  data-ultimate-target='#Info-list-wrap-8588 .icon_description_text'  data-responsive-json-new='{\"font-size\":\"desktop:13px;\",\"line-height\":\"desktop:18px;\"}'  style=\"\"><p><span style=\"font-size: 12pt;\">All data in the travel expense report are kept in SAP ERP and are available for comprehensive CO<sub>2<\/sub>-Reporting. Corresponding meaningful reports are available for the company&#8217;s internal travel management.<\/span><\/p>\n<\/div><\/div><div class=\"icon_list_connector\"  style=\"border-color:#26a232;\"><\/div><\/li><li class=\"icon_list_item\" style=\" font-size:60px;\"><div class=\"icon_list_icon\" data-animation=\"\" data-animation-delay=\"03\" style=\"font-size:20px;border-width:1px;border-style:none;background:#26a232;color:#006126;border-color:#333333;\"><i class=\"Defaults-check\" ><\/i><\/div><div class=\"icon_description\" id=\"Info-list-wrap-8502\" style=\"font-size:20px;\"><h3 class=\"ult-responsive\"  data-ultimate-target='#Info-list-wrap-8502 h3'  data-responsive-json-new='{\"font-size\":\"desktop:16px;\",\"line-height\":\"desktop:24px;\"}'  style=\"\">CO\u2082-Avoidance<\/h3><div class=\"icon_description_text ult-responsive\"  data-ultimate-target='#Info-list-wrap-8502 .icon_description_text'  data-responsive-json-new='{\"font-size\":\"desktop:13px;\",\"line-height\":\"desktop:18px;\"}'  style=\"\"><p><span style=\"font-size: 12pt;\">Based on bookings companies with an objective to avoid CO<sub>2 <\/sub>can receive meaningful analyzes with, e.g. the atmosfair airline reporting that compares CO<sub>2<\/sub> emissions of different airlines on the most important flight routes of the company. Thus, companies can identify significant win-win potentials for cost and CO<sub>2<\/sub> reduction.<\/span><\/p>\n<\/div><\/div><div class=\"icon_list_connector\"  style=\"border-color:#26a232;\"><\/div><\/li><li class=\"icon_list_item\" style=\" font-size:60px;\"><div class=\"icon_list_icon\" data-animation=\"\" data-animation-delay=\"03\" style=\"font-size:20px;border-width:1px;border-style:none;background:#26a232;color:#006126;border-color:#333333;\"><i class=\"Defaults-check\" ><\/i><\/div><div class=\"icon_description\" id=\"Info-list-wrap-2585\" style=\"font-size:20px;\"><h3 class=\"ult-responsive\"  data-ultimate-target='#Info-list-wrap-2585 h3'  data-responsive-json-new='{\"font-size\":\"desktop:16px;\",\"line-height\":\"desktop:24px;\"}'  style=\"\">CO\u2082-Compensation <\/h3><div class=\"icon_description_text ult-responsive\"  data-ultimate-target='#Info-list-wrap-2585 .icon_description_text'  data-responsive-json-new='{\"font-size\":\"desktop:13px;\",\"line-height\":\"desktop:18px;\"}'  style=\"\"><p><span style=\"font-size: 12pt;\">In order to enable rapid, simple and system-integrated compensation of the CO<sub>2<\/sub> emissions, a compensation cockpit can be added. CO<sub>2<\/sub> emissions can be fully or partly compensated through this program.<\/span><\/p>\n<\/div><\/div><div class=\"icon_list_connector\"  style=\"border-color:#26a232;\"><\/div><\/li><\/ul><\/div><div class=\"ult-spacer spacer-69f3303ef0336\" data-id=\"69f3303ef0336\" data-height=\"80\" data-height-mobile=\"10\" data-height-tab=\"10\" data-height-tab-portrait=\"10\" data-height-mobile-landscape=\"10\" style=\"clear:both;display:block;\"><\/div>[\/vc_column][\/vc_row]\n<\/div>","protected":false},"excerpt":{"rendered":"<p>[vc_row full_width=&#8221;stretch_row_content&#8221; full_height=&#8221;yes&#8221; content_placement=&#8221;middle&#8221; bg_type=&#8221;image&#8221; parallax_style=&#8221;vcpb-default&#8221; bg_image_new=&#8221;id^2696|url^http:\/\/test2.conovum.com\/wp-content\/uploads\/CO2companion-Header.jpg|caption^null|alt^null|title^CO2companion Header|description^null&#8221; enable_overlay=&#8221;enable_overlay_value&#8221; overlay_color=&#8221;rgba(0,0,0,0.26)&#8221; overlay_pattern=&#8221;transperant&#8221; css=&#8221;.vc_custom_1472562284906{margin-top: -52px !important;}&#8221;][vc_column][vc_row_inner css=&#8221;.vc_custom_1469096431807{background-color: rgba(255,255,255,0.35) !important;*background-color: rgb(255,255,255) !important;}&#8221;][vc_column_inner][vc_column_text css=&#8221;.vc_custom_1469096255785{padding-top: -50px !important;}&#8221;] CO2Companion [\/vc_column_text][\/vc_column_inner][\/vc_row_inner][vc_row_inner][vc_column_inner][\/vc_column_inner][\/vc_row_inner][\/vc_column][\/vc_row][vc_row full_width=&#8221;stretch_row_content&#8221; content_placement=&#8221;middle&#8221; el_id=&#8221;co2&#8243;][vc_column offset=&#8221;vc_col-lg-offset-2 vc_col-lg-8 vc_col-xs-12&#8243;][vc_column_text]For the first time, travel management is using a tool that evaluates the total CO2 emissions of a trip and takes all means of travel (flight, train, bus, taxi, etc.) into account. The CO2Companion can be used as an instrument of control for the booking of sustainable travel modes and for CO2 compensation within the framework of high-quality climate protection projects.[\/vc_column_text][vc_row_inner][vc_column_inner offset=&#8221;vc_hidden-md vc_hidden-sm vc_hidden-xs&#8221;][vc_single_image image=&#8221;4113&#8243; img_size=&#8221;full&#8221; alignment=&#8221;center&#8221;][\/vc_column_inner][\/vc_row_inner][vc_row_inner][vc_column_inner offset=&#8221;vc_hidden-md vc_hidden-sm vc_hidden-xs&#8221;][vc_single_image image=&#8221;4112&#8243; img_size=&#8221;full&#8221; alignment=&#8221;center&#8221;][\/vc_column_inner][\/vc_row_inner][\/vc_column][\/vc_row][vc_row full_width=&#8221;stretch_row_content&#8221; equal_height=&#8221;yes&#8221; bg_type=&#8221;bg_color&#8221; seperator_enable=&#8221;seperator_enable_value&#8221; seperator_type=&#8221;tilt_left_seperator&#8221; seperator_svg_height=&#8221;60&#8243; seperator_shape_background=&#8221;#ffffff&#8221; css=&#8221;.vc_custom_1470666478546{margin-bottom: -60px !important;border-bottom-width: -60px !important;padding-bottom: -60px !important;}&#8221; bg_color_value=&#8221;rgba(0,0,0,0.06)&#8221;][vc_column offset=&#8221;vc_col-lg-offset-2 vc_col-lg-4&#8243;][vc_column_text]With the CO2Companion a company can therefore transparently outline the CO2 emissions generated during a business trip and correctly display these in sustainability reports or life cycle assessments. By taking a pioneering role in climate-aware travel management companies create the basis for a sustainable corporate policy and strengthen their competitiveness. It provides a meaningful basis for the sustainable presentation of the company and its business partners. The CO2Companion provides a comprehensive and highly integrated system solution for all companies that use SAP technology for their travel expenses, allowing for sustainable travel management across the entire process chain of business travel. It is easy to integrate into the existing SAP travel planning and expense reporting.[\/vc_column_text][\/vc_column][vc_column offset=&#8221;vc_col-lg-offset-0 vc_col-lg-4&#8243;][\/vc_column][\/vc_row]<\/p>\n","protected":false},"author":1,"featured_media":0,"parent":0,"menu_order":0,"comment_status":"closed","ping_status":"closed","template":"","meta":{"footnotes":""},"class_list":["post-4089","page","type-page","status-publish","hentry"],"yoast_head":"<!-- This site is optimized with the Yoast SEO plugin v27.5 - https:\/\/yoast.com\/product\/yoast-seo-wordpress\/ -->\n<title>CO2Companion - conovum: \u00d6kologische Bewertung Ihrer Gesch\u00e4ftsreisen<\/title>\n<meta name=\"description\" content=\"Der CO2Companion erm\u00f6glicht die \u00f6kologische Bewertung Ihrer Gesch\u00e4ftsreisen hinsichtlich Klimawirkung durch die Darstellung des CO2-Aussto\u00dfes.\" \/>\n<meta name=\"robots\" content=\"index, follow, max-snippet:-1, max-image-preview:large, max-video-preview:-1\" \/>\n<link rel=\"canonical\" href=\"https:\/\/conovum.de\/en\/co2companion\/\" \/>\n<meta property=\"og:locale\" content=\"en_US\" \/>\n<meta property=\"og:type\" content=\"article\" \/>\n<meta property=\"og:title\" content=\"CO2Companion - conovum: \u00d6kologische Bewertung Ihrer Gesch\u00e4ftsreisen\" \/>\n<meta property=\"og:description\" content=\"Der CO2Companion erm\u00f6glicht die \u00f6kologische Bewertung Ihrer Gesch\u00e4ftsreisen hinsichtlich Klimawirkung durch die Darstellung des CO2-Aussto\u00dfes.\" \/>\n<meta property=\"og:url\" content=\"https:\/\/conovum.de\/en\/co2companion\/\" \/>\n<meta property=\"og:site_name\" content=\"conovum\" \/>\n<meta property=\"article:modified_time\" content=\"2023-04-17T13:19:57+00:00\" \/>\n<meta name=\"twitter:card\" content=\"summary_large_image\" \/>\n<meta name=\"twitter:label1\" content=\"Est. reading time\" \/>\n\t<meta name=\"twitter:data1\" content=\"4 minutes\" \/>\n<script type=\"application\/ld+json\" class=\"yoast-schema-graph\">{\"@context\":\"https:\\\/\\\/schema.org\",\"@graph\":[{\"@type\":\"WebPage\",\"@id\":\"https:\\\/\\\/conovum.de\\\/en\\\/co2companion\\\/\",\"url\":\"https:\\\/\\\/conovum.de\\\/en\\\/co2companion\\\/\",\"name\":\"CO2Companion - conovum: \u00d6kologische Bewertung Ihrer Gesch\u00e4ftsreisen\",\"isPartOf\":{\"@id\":\"https:\\\/\\\/conovum.de\\\/en\\\/#website\"},\"datePublished\":\"2017-10-25T12:34:39+00:00\",\"dateModified\":\"2023-04-17T13:19:57+00:00\",\"description\":\"Der CO2Companion erm\u00f6glicht die \u00f6kologische Bewertung Ihrer Gesch\u00e4ftsreisen hinsichtlich Klimawirkung durch die Darstellung des CO2-Aussto\u00dfes.\",\"breadcrumb\":{\"@id\":\"https:\\\/\\\/conovum.de\\\/en\\\/co2companion\\\/#breadcrumb\"},\"inLanguage\":\"en-US\",\"potentialAction\":[{\"@type\":\"ReadAction\",\"target\":[[\"https:\\\/\\\/conovum.de\\\/en\\\/co2companion\\\/\"]]}]},{\"@type\":\"BreadcrumbList\",\"@id\":\"https:\\\/\\\/conovum.de\\\/en\\\/co2companion\\\/#breadcrumb\",\"itemListElement\":[{\"@type\":\"ListItem\",\"position\":1,\"name\":\"Startseite\",\"item\":\"https:\\\/\\\/conovum.de\\\/en\\\/\"},{\"@type\":\"ListItem\",\"position\":2,\"name\":\"CO2Companion\"}]},{\"@type\":\"WebSite\",\"@id\":\"https:\\\/\\\/conovum.de\\\/en\\\/#website\",\"url\":\"https:\\\/\\\/conovum.de\\\/en\\\/\",\"name\":\"conovum\",\"description\":\"\",\"potentialAction\":[{\"@type\":\"SearchAction\",\"target\":{\"@type\":\"EntryPoint\",\"urlTemplate\":\"https:\\\/\\\/conovum.de\\\/en\\\/?s={search_term_string}\"},\"query-input\":{\"@type\":\"PropertyValueSpecification\",\"valueRequired\":true,\"valueName\":\"search_term_string\"}}],\"inLanguage\":\"en-US\"}]}<\/script>\n<!-- \/ Yoast SEO plugin. -->","yoast_head_json":{"title":"CO2Companion - conovum: \u00d6kologische Bewertung Ihrer Gesch\u00e4ftsreisen","description":"Der CO2Companion erm\u00f6glicht die \u00f6kologische Bewertung Ihrer Gesch\u00e4ftsreisen hinsichtlich Klimawirkung durch die Darstellung des CO2-Aussto\u00dfes.","robots":{"index":"index","follow":"follow","max-snippet":"max-snippet:-1","max-image-preview":"max-image-preview:large","max-video-preview":"max-video-preview:-1"},"canonical":"https:\/\/conovum.de\/en\/co2companion\/","og_locale":"en_US","og_type":"article","og_title":"CO2Companion - conovum: \u00d6kologische Bewertung Ihrer Gesch\u00e4ftsreisen","og_description":"Der CO2Companion erm\u00f6glicht die \u00f6kologische Bewertung Ihrer Gesch\u00e4ftsreisen hinsichtlich Klimawirkung durch die Darstellung des CO2-Aussto\u00dfes.","og_url":"https:\/\/conovum.de\/en\/co2companion\/","og_site_name":"conovum","article_modified_time":"2023-04-17T13:19:57+00:00","twitter_card":"summary_large_image","twitter_misc":{"Est. reading time":"4 minutes"},"schema":{"@context":"https:\/\/schema.org","@graph":[{"@type":"WebPage","@id":"https:\/\/conovum.de\/en\/co2companion\/","url":"https:\/\/conovum.de\/en\/co2companion\/","name":"CO2Companion - conovum: \u00d6kologische Bewertung Ihrer Gesch\u00e4ftsreisen","isPartOf":{"@id":"https:\/\/conovum.de\/en\/#website"},"datePublished":"2017-10-25T12:34:39+00:00","dateModified":"2023-04-17T13:19:57+00:00","description":"Der CO2Companion erm\u00f6glicht die \u00f6kologische Bewertung Ihrer Gesch\u00e4ftsreisen hinsichtlich Klimawirkung durch die Darstellung des CO2-Aussto\u00dfes.","breadcrumb":{"@id":"https:\/\/conovum.de\/en\/co2companion\/#breadcrumb"},"inLanguage":"en-US","potentialAction":[{"@type":"ReadAction","target":[["https:\/\/conovum.de\/en\/co2companion\/"]]}]},{"@type":"BreadcrumbList","@id":"https:\/\/conovum.de\/en\/co2companion\/#breadcrumb","itemListElement":[{"@type":"ListItem","position":1,"name":"Startseite","item":"https:\/\/conovum.de\/en\/"},{"@type":"ListItem","position":2,"name":"CO2Companion"}]},{"@type":"WebSite","@id":"https:\/\/conovum.de\/en\/#website","url":"https:\/\/conovum.de\/en\/","name":"conovum","description":"","potentialAction":[{"@type":"SearchAction","target":{"@type":"EntryPoint","urlTemplate":"https:\/\/conovum.de\/en\/?s={search_term_string}"},"query-input":{"@type":"PropertyValueSpecification","valueRequired":true,"valueName":"search_term_string"}}],"inLanguage":"en-US"}]}},"_links":{"self":[{"href":"https:\/\/conovum.de\/en\/wp-json\/wp\/v2\/pages\/4089","targetHints":{"allow":["GET"]}}],"collection":[{"href":"https:\/\/conovum.de\/en\/wp-json\/wp\/v2\/pages"}],"about":[{"href":"https:\/\/conovum.de\/en\/wp-json\/wp\/v2\/types\/page"}],"author":[{"embeddable":true,"href":"https:\/\/conovum.de\/en\/wp-json\/wp\/v2\/users\/1"}],"replies":[{"embeddable":true,"href":"https:\/\/conovum.de\/en\/wp-json\/wp\/v2\/comments?post=4089"}],"version-history":[{"count":10,"href":"https:\/\/conovum.de\/en\/wp-json\/wp\/v2\/pages\/4089\/revisions"}],"predecessor-version":[{"id":5375,"href":"https:\/\/conovum.de\/en\/wp-json\/wp\/v2\/pages\/4089\/revisions\/5375"}],"wp:attachment":[{"href":"https:\/\/conovum.de\/en\/wp-json\/wp\/v2\/media?parent=4089"}],"curies":[{"name":"wp","href":"https:\/\/api.w.org\/{rel}","templated":true}]}}